{"id":2800,"date":"2024-02-23T00:00:58","date_gmt":"2024-02-23T00:00:58","guid":{"rendered":"https:\/\/bbcentreprise.com\/estrategia-de-desarrollo-informatico\/"},"modified":"2024-05-28T11:43:35","modified_gmt":"2024-05-28T11:43:35","slug":"estrategia-de-desarrollo-informatico","status":"publish","type":"page","link":"https:\/\/bbcentreprise.com\/es\/servicios\/estrategia-de-desarrollo-informatico\/","title":{"rendered":"Modernizaci\u00f3n de la infraestructura inform\u00e1tica"},"content":{"rendered":"\t\t<div data-elementor-type=\"wp-post\" data-elementor-id=\"2800\" class=\"elementor elementor-2800\">\n\t\t\t\t\t\t<section class=\"elementor-section elementor-top-section elementor-element elementor-element-67774c6 elementor-section-content-middle elementor-section-boxed elementor-section-height-default elementor-section-height-default\" data-id=\"67774c6\" data-element_type=\"section\" data-settings=\"{&quot;background_background&quot;:&quot;classic&quot;}\">\n\t\t\t\t\t\t\t<div class=\"elementor-background-overlay\"><\/div>\n\t\t\t\t\t\t\t<div class=\"elementor-container elementor-column-gap-no\">\n\t\t\t\t\t<div class=\"elementor-column elementor-col-100 elementor-top-column elementor-element elementor-element-8ef1ff6\" data-id=\"8ef1ff6\" data-element_type=\"column\">\n\t\t\t<div class=\"elementor-widget-wrap elementor-element-populated\">\n\t\t\t\t\t\t<div class=\"elementor-element elementor-element-158baff elementor-hidden-desktop elementor-hidden-tablet elementor-hidden-mobile elementor-invisible elementor-widget elementor-widget-heading\" data-id=\"158baff\" data-element_type=\"widget\" data-settings=\"{&quot;_animation&quot;:&quot;fadeIn&quot;}\" data-widget_type=\"heading.default\">\n\t\t\t\t<div class=\"elementor-widget-container\">\n\t\t\t<h5 class=\"elementor-heading-title elementor-size-medium\">Acelera tu negocio<\/h5>\t\t<\/div>\n\t\t\t\t<\/div>\n\t\t\t\t<div class=\"elementor-element elementor-element-bb36444 elementor-widget-divider--view-line elementor-invisible elementor-widget elementor-widget-divider\" data-id=\"bb36444\" data-element_type=\"widget\" data-settings=\"{&quot;_animation&quot;:&quot;fadeInUp&quot;}\" data-widget_type=\"divider.default\">\n\t\t\t\t<div class=\"elementor-widget-container\">\n\t\t\t\t\t<div class=\"elementor-divider\">\n\t\t\t<span class=\"elementor-divider-separator\">\n\t\t\t\t\t\t<\/span>\n\t\t<\/div>\n\t\t\t\t<\/div>\n\t\t\t\t<\/div>\n\t\t\t\t<div class=\"elementor-element elementor-element-251f771 elementor-invisible elementor-widget elementor-widget-heading\" data-id=\"251f771\" data-element_type=\"widget\" data-settings=\"{&quot;_animation&quot;:&quot;fadeIn&quot;}\" data-widget_type=\"heading.default\">\n\t\t\t\t<div class=\"elementor-widget-container\">\n\t\t\t<h1 class=\"elementor-heading-title elementor-size-default\">Acelera la transformaci\u00f3n de tu empresa  <br>con nuestra experiencia!<\/h1>\t\t<\/div>\n\t\t\t\t<\/div>\n\t\t\t\t<div class=\"elementor-element elementor-element-d59bd29 elementor-invisible elementor-widget elementor-widget-text-editor\" data-id=\"d59bd29\" data-element_type=\"widget\" data-settings=\"{&quot;_animation&quot;:&quot;fadeIn&quot;}\" data-widget_type=\"text-editor.default\">\n\t\t\t\t<div class=\"elementor-widget-container\">\n\t\t\t\t\t\t\t<p>Alinea tu visi\u00f3n y aprovecha la innovaci\u00f3n para impulsar tu empresa hacia el futuro mediante la transformaci\u00f3n digital.<\/p>\n\t\t\t\t\t\t<\/div>\n\t\t\t\t<\/div>\n\t\t\t\t<div class=\"elementor-element elementor-element-4634bf6 elementor-widget elementor-widget-spacer\" data-id=\"4634bf6\" data-element_type=\"widget\" data-widget_type=\"spacer.default\">\n\t\t\t\t<div class=\"elementor-widget-container\">\n\t\t\t\t\t<div class=\"elementor-spacer\">\n\t\t\t<div class=\"elementor-spacer-inner\"><\/div>\n\t\t<\/div>\n\t\t\t\t<\/div>\n\t\t\t\t<\/div>\n\t\t\t\t<div class=\"elementor-element elementor-element-dba5b09 elementor-align-left elementor-mobile-align-center elementor-invisible elementor-widget elementor-widget-button\" data-id=\"dba5b09\" data-element_type=\"widget\" data-settings=\"{&quot;_animation&quot;:&quot;fadeInUp&quot;,&quot;_animation_delay&quot;:800}\" data-widget_type=\"button.default\">\n\t\t\t\t<div class=\"elementor-widget-container\">\n\t\t\t\t\t<div class=\"elementor-button-wrapper\">\n\t\t\t<a class=\"elementor-button elementor-button-link elementor-size-md elementor-animation-sink\" href=\"https:\/\/bbcentreprise.com\/es\/contacta-con-nosotros\/\">\n\t\t\t\t\t\t<span class=\"elementor-button-content-wrapper\">\n\t\t\t\t\t\t<span class=\"elementor-button-icon elementor-align-icon-right\">\n\t\t\t\t<svg aria-hidden=\"true\" class=\"e-font-icon-svg e-fas-long-arrow-alt-down\" viewBox=\"0 0 256 512\" xmlns=\"http:\/\/www.w3.org\/2000\/svg\"><path d=\"M168 345.941V44c0-6.627-5.373-12-12-12h-56c-6.627 0-12 5.373-12 12v301.941H41.941c-21.382 0-32.09 25.851-16.971 40.971l86.059 86.059c9.373 9.373 24.569 9.373 33.941 0l86.059-86.059c15.119-15.119 4.411-40.971-16.971-40.971H168z\"><\/path><\/svg>\t\t\t<\/span>\n\t\t\t\t\t\t\t\t\t<span class=\"elementor-button-text\">Contacta AHORA!<\/span>\n\t\t\t\t\t<\/span>\n\t\t\t\t\t<\/a>\n\t\t<\/div>\n\t\t\t\t<\/div>\n\t\t\t\t<\/div>\n\t\t\t\t\t<\/div>\n\t\t<\/div>\n\t\t\t\t\t<\/div>\n\t\t<\/section>\n\t\t<div class=\"elementor-element elementor-element-6a7e253 e-con-full   e-flex e-con e-parent\" data-id=\"6a7e253\" data-element_type=\"container\" data-settings=\"{&quot;background_background&quot;:&quot;classic&quot;}\">\n\t\t<div class=\"elementor-element elementor-element-59e248b e-flex e-con-boxed e-con e-child\" data-id=\"59e248b\" data-element_type=\"container\">\n\t\t\t\t\t<div class=\"e-con-inner\">\n\t\t\t\t<div class=\"elementor-element elementor-element-ad444d3 elementor-invisible elementor-widget elementor-widget-heading\" data-id=\"ad444d3\" data-element_type=\"widget\" data-settings=\"{&quot;_animation&quot;:&quot;fadeIn&quot;}\" data-widget_type=\"heading.default\">\n\t\t\t\t<div class=\"elementor-widget-container\">\n\t\t\t<h2 class=\"elementor-heading-title elementor-size-default\">Nuestro enfoque\n<\/h2>\t\t<\/div>\n\t\t\t\t<\/div>\n\t\t<div class=\"elementor-element elementor-element-70f5e30 e-con-full e-flex e-con e-child\" data-id=\"70f5e30\" data-element_type=\"container\">\n\t\t\t\t<div class=\"elementor-element elementor-element-6374a57 elementor-invisible elementor-widget elementor-widget-text-editor\" data-id=\"6374a57\" data-element_type=\"widget\" data-settings=\"{&quot;_animation&quot;:&quot;fadeIn&quot;}\" data-widget_type=\"text-editor.default\">\n\t\t\t\t<div class=\"elementor-widget-container\">\n\t\t\t\t\t\t\t<p>\u00a1Hacemos palanca con un enfoque \u00fanico que lo hace posible!<\/p>\n\t\t\t\t\t\t<\/div>\n\t\t\t\t<\/div>\n\t\t\t\t<\/div>\n\t\t\t\t\t<\/div>\n\t\t\t\t<\/div>\n\t\t\t\t<\/div>\n\t\t<div class=\"elementor-element elementor-element-ff4594f e-con-full   e-flex e-con e-parent\" data-id=\"ff4594f\" data-element_type=\"container\">\n\t\t<div class=\"elementor-element elementor-element-6559461   e-flex e-con-boxed e-con e-child\" data-id=\"6559461\" data-element_type=\"container\" data-settings=\"{&quot;background_background&quot;:&quot;classic&quot;}\">\n\t\t\t\t\t<div class=\"e-con-inner\">\n\t\t<div class=\"elementor-element elementor-element-63ad01e e-con-full e-flex e-con e-child\" data-id=\"63ad01e\" data-element_type=\"container\" data-settings=\"{&quot;background_background&quot;:&quot;classic&quot;}\">\n\t\t\t\t<div class=\"elementor-element elementor-element-ef526af elementor-widget elementor-widget-heading\" data-id=\"ef526af\" data-element_type=\"widget\" data-widget_type=\"heading.default\">\n\t\t\t\t<div class=\"elementor-widget-container\">\n\t\t\t<h2 class=\"elementor-heading-title elementor-size-default\">Paso 1<\/h2>\t\t<\/div>\n\t\t\t\t<\/div>\n\t\t\t\t<div class=\"elementor-element elementor-element-5fd01ba elementor-invisible elementor-widget elementor-widget-heading\" data-id=\"5fd01ba\" data-element_type=\"widget\" data-settings=\"{&quot;_animation&quot;:&quot;fadeIn&quot;}\" data-widget_type=\"heading.default\">\n\t\t\t\t<div class=\"elementor-widget-container\">\n\t\t\t<h2 class=\"elementor-heading-title elementor-size-default\">Evaluaci\u00f3n de madurez<\/h2>\t\t<\/div>\n\t\t\t\t<\/div>\n\t\t\t\t<div class=\"elementor-element elementor-element-da6710d elementor-invisible elementor-widget elementor-widget-text-editor\" data-id=\"da6710d\" data-element_type=\"widget\" data-settings=\"{&quot;_animation&quot;:&quot;fadeIn&quot;}\" data-widget_type=\"text-editor.default\">\n\t\t\t\t<div class=\"elementor-widget-container\">\n\t\t\t\t\t\t\tDescubre tu potencial digital\n\u00bfEst\u00e1 alcanzando tu empresa todo su potencial digital? Nuestra Evaluaci\u00f3n de la Madurez Digital puede ayudarte a averiguarlo. Nuestros expertos evaluar\u00e1n tus capacidades digitales actuales e identificar\u00e1n las carencias para ayudarte a desarrollar una hoja de ruta para una transformaci\u00f3n digital con \u00e9xito.\t\t\t\t\t\t<\/div>\n\t\t\t\t<\/div>\n\t\t\t\t<\/div>\n\t\t<div class=\"elementor-element elementor-element-01d7830 e-con-full e-flex e-con e-child\" data-id=\"01d7830\" data-element_type=\"container\" data-settings=\"{&quot;background_background&quot;:&quot;classic&quot;}\">\n\t\t\t\t<div class=\"elementor-element elementor-element-eae7fc6 elementor-widget elementor-widget-heading\" data-id=\"eae7fc6\" data-element_type=\"widget\" data-widget_type=\"heading.default\">\n\t\t\t\t<div class=\"elementor-widget-container\">\n\t\t\t<h2 class=\"elementor-heading-title elementor-size-default\">Paso 2<\/h2>\t\t<\/div>\n\t\t\t\t<\/div>\n\t\t\t\t<div class=\"elementor-element elementor-element-2bf1cf8 elementor-invisible elementor-widget elementor-widget-heading\" data-id=\"2bf1cf8\" data-element_type=\"widget\" data-settings=\"{&quot;_animation&quot;:&quot;fadeIn&quot;}\" data-widget_type=\"heading.default\">\n\t\t\t\t<div class=\"elementor-widget-container\">\n\t\t\t<h2 class=\"elementor-heading-title elementor-size-default\">  Hoja de ruta: Emb\u00e1rcate en un viaje digital\n<\/h2>\t\t<\/div>\n\t\t\t\t<\/div>\n\t\t\t\t<div class=\"elementor-element elementor-element-4004350 elementor-invisible elementor-widget elementor-widget-text-editor\" data-id=\"4004350\" data-element_type=\"widget\" data-settings=\"{&quot;_animation&quot;:&quot;fadeIn&quot;}\" data-widget_type=\"text-editor.default\">\n\t\t\t\t<div class=\"elementor-widget-container\">\n\t\t\t\t\t\t\t<p>Libera el poder de la transformaci\u00f3n digital con nuestros servicios de desarrollo de hojas de ruta. Juntos, crearemos un plan estrat\u00e9gico que guiar\u00e1 a tu organizaci\u00f3n hacia el \u00e9xito en la era digital.<\/p>\n\t\t\t\t\t\t<\/div>\n\t\t\t\t<\/div>\n\t\t\t\t<\/div>\n\t\t<div class=\"elementor-element elementor-element-338eb0b e-con-full e-flex e-con e-child\" data-id=\"338eb0b\" data-element_type=\"container\" data-settings=\"{&quot;background_background&quot;:&quot;classic&quot;}\">\n\t\t\t\t<div class=\"elementor-element elementor-element-f473ad0 elementor-widget elementor-widget-heading\" data-id=\"f473ad0\" data-element_type=\"widget\" data-widget_type=\"heading.default\">\n\t\t\t\t<div class=\"elementor-widget-container\">\n\t\t\t<h2 class=\"elementor-heading-title elementor-size-default\">Paso 3<\/h2>\t\t<\/div>\n\t\t\t\t<\/div>\n\t\t\t\t<div class=\"elementor-element elementor-element-eb25ba5 elementor-invisible elementor-widget elementor-widget-heading\" data-id=\"eb25ba5\" data-element_type=\"widget\" data-settings=\"{&quot;_animation&quot;:&quot;fadeIn&quot;}\" data-widget_type=\"heading.default\">\n\t\t\t\t<div class=\"elementor-widget-container\">\n\t\t\t<h2 class=\"elementor-heading-title elementor-size-default\">Estudios de mercado<\/h2>\t\t<\/div>\n\t\t\t\t<\/div>\n\t\t\t\t<div class=\"elementor-element elementor-element-811f0b3 elementor-invisible elementor-widget elementor-widget-text-editor\" data-id=\"811f0b3\" data-element_type=\"widget\" data-settings=\"{&quot;_animation&quot;:&quot;fadeIn&quot;}\" data-widget_type=\"text-editor.default\">\n\t\t\t\t<div class=\"elementor-widget-container\">\n\t\t\t\t\t\t\t  Libera tu ventaja competitiva\nDescubre los secretos del \u00e9xito profundizando en los competidores del mercado y las tendencias del sector. Nuestro exhaustivo an\u00e1lisis de la competencia permitir\u00e1 a tu empresa adelantarse a los acontecimientos y tomar decisiones estrat\u00e9gicas con conocimiento de causa.\t\t\t\t\t\t<\/div>\n\t\t\t\t<\/div>\n\t\t\t\t<\/div>\n\t\t<div class=\"elementor-element elementor-element-1e29a4e e-con-full e-flex e-con e-child\" data-id=\"1e29a4e\" data-element_type=\"container\" data-settings=\"{&quot;background_background&quot;:&quot;classic&quot;}\">\n\t\t\t\t<div class=\"elementor-element elementor-element-59dcb58 elementor-widget elementor-widget-heading\" data-id=\"59dcb58\" data-element_type=\"widget\" data-widget_type=\"heading.default\">\n\t\t\t\t<div class=\"elementor-widget-container\">\n\t\t\t<h2 class=\"elementor-heading-title elementor-size-default\">Paso 4<\/h2>\t\t<\/div>\n\t\t\t\t<\/div>\n\t\t\t\t<div class=\"elementor-element elementor-element-c2fb330 elementor-invisible elementor-widget elementor-widget-heading\" data-id=\"c2fb330\" data-element_type=\"widget\" data-settings=\"{&quot;_animation&quot;:&quot;fadeIn&quot;}\" data-widget_type=\"heading.default\">\n\t\t\t\t<div class=\"elementor-widget-container\">\n\t\t\t<h2 class=\"elementor-heading-title elementor-size-default\">Encontrar la herramienta tecnol\u00f3gica adecuada para su negocio<\/h2>\t\t<\/div>\n\t\t\t\t<\/div>\n\t\t\t\t<div class=\"elementor-element elementor-element-88fc302 elementor-invisible elementor-widget elementor-widget-text-editor\" data-id=\"88fc302\" data-element_type=\"widget\" data-settings=\"{&quot;_animation&quot;:&quot;fadeIn&quot;}\" data-widget_type=\"text-editor.default\">\n\t\t\t\t<div class=\"elementor-widget-container\">\n\t\t\t\t\t\t\t<p>No dejes que la tecnolog\u00eda frene tu negocio. Deja que nuestros expertos te gu\u00eden hacia las soluciones adecuadas que se ajusten a tus necesidades espec\u00edficas.<br \/>Trabajaremos contigo para comprender tus objetivos empresariales e identificar las mejores tecnolog\u00edas para ayudarte a alcanzarlos. Ya se trate de agilizar las operaciones, mejorar la experiencia del cliente o aumentar la productividad, te tenemos cubierto.<\/p>\n<p><span style=\"font-size: 17.6px; letter-spacing: 0.8px;\"> <\/span><\/p>\n<p><span style=\"font-size: 17.6px; letter-spacing: 0.8px;\">Nuestras recomendaciones tecnol\u00f3gicas a medida eliminan las conjeturas de la ecuaci\u00f3n, para que puedas centrarte en lo que mejor sabes hacer: dirigir tu empresa. Ponte en contacto con nosotros hoy mismo para empezar.<\/span><\/p>\n\t\t\t\t\t\t<\/div>\n\t\t\t\t<\/div>\n\t\t\t\t<\/div>\n\t\t<div class=\"elementor-element elementor-element-c564038 e-con-full e-flex e-con e-child\" data-id=\"c564038\" data-element_type=\"container\" data-settings=\"{&quot;background_background&quot;:&quot;classic&quot;}\">\n\t\t\t\t<div class=\"elementor-element elementor-element-2720501 elementor-widget elementor-widget-heading\" data-id=\"2720501\" data-element_type=\"widget\" data-widget_type=\"heading.default\">\n\t\t\t\t<div class=\"elementor-widget-container\">\n\t\t\t<h2 class=\"elementor-heading-title elementor-size-default\">Paso 5<\/h2>\t\t<\/div>\n\t\t\t\t<\/div>\n\t\t\t\t<div class=\"elementor-element elementor-element-e09d3af elementor-invisible elementor-widget elementor-widget-heading\" data-id=\"e09d3af\" data-element_type=\"widget\" data-settings=\"{&quot;_animation&quot;:&quot;fadeIn&quot;}\" data-widget_type=\"heading.default\">\n\t\t\t\t<div class=\"elementor-widget-container\">\n\t\t\t<h2 class=\"elementor-heading-title elementor-size-default\">Gesti\u00f3n del Cambio: Navegar suavemente por el cambio\n<\/h2>\t\t<\/div>\n\t\t\t\t<\/div>\n\t\t\t\t<div class=\"elementor-element elementor-element-5352f72 elementor-invisible elementor-widget elementor-widget-text-editor\" data-id=\"5352f72\" data-element_type=\"widget\" data-settings=\"{&quot;_animation&quot;:&quot;fadeIn&quot;}\" data-widget_type=\"text-editor.default\">\n\t\t\t\t<div class=\"elementor-widget-container\">\n\t\t\t\t\t\t\t<p>Acepta el cambio con confianza y aseg\u00farate de que tu equipo se adapta sin problemas. Nuestros expertos en gesti\u00f3n del cambio est\u00e1n aqu\u00ed para guiarte en cada paso del camino.<\/p>\n<\/p>\n<p>Entendemos que el cambio puede ser un reto, pero con nuestras estrategias probadas y nuestro enfoque personalizado, te ayudaremos a navegar a trav\u00e9s de cualquier transformaci\u00f3n organizativa. Desde la gesti\u00f3n de la adopci\u00f3n por parte de los empleados hasta el fomento de una cultura positiva, te tenemos cubierto.<\/p>\n<\/p>\n<p>Con nuestro apoyo, puedes convertir el cambio en una oportunidad de crecimiento y \u00e9xito. Ponte en contacto con nosotros hoy mismo para emprender tu viaje de transformaci\u00f3n.<\/p>\n\t\t\t\t\t\t<\/div>\n\t\t\t\t<\/div>\n\t\t\t\t<\/div>\n\t\t\t\t\t<\/div>\n\t\t\t\t<\/div>\n\t\t\t\t<\/div>\n\t\t<div class=\"elementor-element elementor-element-d035922 e-flex e-con-boxed e-con e-child\" data-id=\"d035922\" data-element_type=\"container\">\n\t\t\t\t\t<div class=\"e-con-inner\">\n\t\t\t\t<div class=\"elementor-element elementor-element-c5b10ee elementor-invisible elementor-widget elementor-widget-heading\" data-id=\"c5b10ee\" data-element_type=\"widget\" data-settings=\"{&quot;_animation&quot;:&quot;fadeIn&quot;}\" data-widget_type=\"heading.default\">\n\t\t\t\t<div class=\"elementor-widget-container\">\n\t\t\t<h2 class=\"elementor-heading-title elementor-size-default\">Modernizaci\u00f3n de la infraestructura inform\u00e1tica<\/h2>\t\t<\/div>\n\t\t\t\t<\/div>\n\t\t<div class=\"elementor-element elementor-element-51bbba8 e-con-full e-flex e-con e-child\" data-id=\"51bbba8\" data-element_type=\"container\">\n\t\t\t\t<div class=\"elementor-element elementor-element-cdf2fcb elementor-invisible elementor-widget elementor-widget-text-editor\" data-id=\"cdf2fcb\" data-element_type=\"widget\" data-settings=\"{&quot;_animation&quot;:&quot;fadeIn&quot;}\" data-widget_type=\"text-editor.default\">\n\t\t\t\t<div class=\"elementor-widget-container\">\n\t\t\t\t\t\t\t<p>Te ayudaremos a modernizar tus infraestructuras inform\u00e1ticas<\/p>\n\t\t\t\t\t\t<\/div>\n\t\t\t\t<\/div>\n\t\t\t\t<\/div>\n\t\t\t\t\t<\/div>\n\t\t\t\t<\/div>\n\t\t<div class=\"elementor-element elementor-element-d8d43bc e-flex e-con-boxed e-con e-parent\" data-id=\"d8d43bc\" data-element_type=\"container\">\n\t\t\t\t\t<div class=\"e-con-inner\">\n\t\t\t\t<div class=\"elementor-element elementor-element-6fd9b68 elementor-widget elementor-widget-image\" data-id=\"6fd9b68\" data-element_type=\"widget\" data-widget_type=\"image.default\">\n\t\t\t\t<div class=\"elementor-widget-container\">\n\t\t\t\t\t\t\t\t\t\t\t\t\t<img fetchpriority=\"high\" decoding=\"async\" width=\"1300\" height=\"500\" src=\"https:\/\/bbcentreprise.com\/wp-content\/uploads\/2024\/05\/Add-a-heading-5.png\" class=\"attachment-full size-full wp-image-5508\" alt=\"\" srcset=\"https:\/\/bbcentreprise.com\/wp-content\/uploads\/2024\/05\/Add-a-heading-5.png 1300w, https:\/\/bbcentreprise.com\/wp-content\/uploads\/2024\/05\/Add-a-heading-5-300x115.png 300w, https:\/\/bbcentreprise.com\/wp-content\/uploads\/2024\/05\/Add-a-heading-5-1024x394.png 1024w, https:\/\/bbcentreprise.com\/wp-content\/uploads\/2024\/05\/Add-a-heading-5-768x295.png 768w, https:\/\/bbcentreprise.com\/wp-content\/uploads\/2024\/05\/Add-a-heading-5-600x231.png 600w\" sizes=\"(max-width: 1300px) 100vw, 1300px\" \/>\t\t\t\t\t\t\t\t\t\t\t\t\t<\/div>\n\t\t\t\t<\/div>\n\t\t\t\t\t<\/div>\n\t\t\t\t<\/div>\n\t\t\t\t<section class=\"elementor-section elementor-top-section elementor-element elementor-element-39231463 elementor-section-content-middle elementor-section-stretched elementor-section-height-min-height elementor-section-items-stretch elementor-section-boxed elementor-section-height-default\" data-id=\"39231463\" data-element_type=\"section\" data-settings=\"{&quot;background_background&quot;:&quot;classic&quot;,&quot;stretch_section&quot;:&quot;section-stretched&quot;}\">\n\t\t\t\t\t\t\t<div class=\"elementor-background-overlay\"><\/div>\n\t\t\t\t\t\t\t<div class=\"elementor-container elementor-column-gap-default\">\n\t\t\t\t\t<div class=\"elementor-column elementor-col-100 elementor-top-column elementor-element elementor-element-541590c7 glass-effects\" data-id=\"541590c7\" data-element_type=\"column\">\n\t\t\t<div class=\"elementor-widget-wrap elementor-element-populated\">\n\t\t\t\t\t\t<div class=\"elementor-element elementor-element-78796d1f elementor-invisible elementor-widget elementor-widget-heading\" data-id=\"78796d1f\" data-element_type=\"widget\" data-settings=\"{&quot;_animation&quot;:&quot;fadeIn&quot;}\" data-widget_type=\"heading.default\">\n\t\t\t\t<div class=\"elementor-widget-container\">\n\t\t\t<h5 class=\"elementor-heading-title elementor-size-medium\">\u00a1Te esperan grandes cosas!<\/h5>\t\t<\/div>\n\t\t\t\t<\/div>\n\t\t\t\t<div class=\"elementor-element elementor-element-7e97ea46 elementor-widget-divider--view-line elementor-invisible elementor-widget elementor-widget-divider\" data-id=\"7e97ea46\" data-element_type=\"widget\" data-settings=\"{&quot;_animation&quot;:&quot;fadeInUp&quot;}\" data-widget_type=\"divider.default\">\n\t\t\t\t<div class=\"elementor-widget-container\">\n\t\t\t\t\t<div class=\"elementor-divider\">\n\t\t\t<span class=\"elementor-divider-separator\">\n\t\t\t\t\t\t<\/span>\n\t\t<\/div>\n\t\t\t\t<\/div>\n\t\t\t\t<\/div>\n\t\t\t\t<div class=\"elementor-element elementor-element-77a9b6bd elementor-invisible elementor-widget elementor-widget-heading\" data-id=\"77a9b6bd\" data-element_type=\"widget\" data-settings=\"{&quot;_animation&quot;:&quot;fadeIn&quot;}\" data-widget_type=\"heading.default\">\n\t\t\t\t<div class=\"elementor-widget-container\">\n\t\t\t<h1 class=\"elementor-heading-title elementor-size-default\">Haz crecer tu  <br>\u00a1Haz negocios con nosotros!<\/h1>\t\t<\/div>\n\t\t\t\t<\/div>\n\t\t\t\t<div class=\"elementor-element elementor-element-13c68bc9 elementor-invisible elementor-widget elementor-widget-text-editor\" data-id=\"13c68bc9\" data-element_type=\"widget\" data-settings=\"{&quot;_animation&quot;:&quot;fadeIn&quot;}\" data-widget_type=\"text-editor.default\">\n\t\t\t\t<div class=\"elementor-widget-container\">\n\t\t\t\t\t\t\t<p>Te ayudaremos a subir de nivel en todos los aspectos de tu negocio con nuestro asesoramiento de primera clase.<\/p>\n\t\t\t\t\t\t<\/div>\n\t\t\t\t<\/div>\n\t\t\t\t<div class=\"elementor-element elementor-element-7c4cef8f elementor-align-left elementor-mobile-align-center elementor-invisible elementor-widget elementor-widget-button\" data-id=\"7c4cef8f\" data-element_type=\"widget\" data-settings=\"{&quot;_animation&quot;:&quot;fadeInUp&quot;,&quot;_animation_delay&quot;:800}\" data-widget_type=\"button.default\">\n\t\t\t\t<div class=\"elementor-widget-container\">\n\t\t\t\t\t<div class=\"elementor-button-wrapper\">\n\t\t\t<a class=\"elementor-button elementor-button-link elementor-size-md elementor-animation-sink\" href=\"https:\/\/bbcentreprise.com\/es\/ponte-en-contacto-con\/\">\n\t\t\t\t\t\t<span class=\"elementor-button-content-wrapper\">\n\t\t\t\t\t\t<span class=\"elementor-button-icon elementor-align-icon-right\">\n\t\t\t\t<svg aria-hidden=\"true\" class=\"e-font-icon-svg e-fas-long-arrow-alt-down\" viewBox=\"0 0 256 512\" xmlns=\"http:\/\/www.w3.org\/2000\/svg\"><path d=\"M168 345.941V44c0-6.627-5.373-12-12-12h-56c-6.627 0-12 5.373-12 12v301.941H41.941c-21.382 0-32.09 25.851-16.971 40.971l86.059 86.059c9.373 9.373 24.569 9.373 33.941 0l86.059-86.059c15.119-15.119 4.411-40.971-16.971-40.971H168z\"><\/path><\/svg>\t\t\t<\/span>\n\t\t\t\t\t\t\t\t\t<span class=\"elementor-button-text\">\u00a1Contacta AHORA!<\/span>\n\t\t\t\t\t<\/span>\n\t\t\t\t\t<\/a>\n\t\t<\/div>\n\t\t\t\t<\/div>\n\t\t\t\t<\/div>\n\t\t\t\t\t<\/div>\n\t\t<\/div>\n\t\t\t\t\t<\/div>\n\t\t<\/section>\n\t\t\t\t<\/div>\n\t\t","protected":false},"excerpt":{"rendered":"<p>Acelera tu negocio Acelera la transformaci\u00f3n de tu empresa con nuestra experiencia! Alinea tu visi\u00f3n y aprovecha la innovaci\u00f3n para impulsar tu empresa hacia el futuro mediante la transformaci\u00f3n digital. Contacta AHORA! Nuestro enfoque \u00a1Hacemos palanca con un enfoque \u00fanico que lo hace posible! Paso 1 Evaluaci\u00f3n de madurez Descubre tu potencial digital \u00bfEst\u00e1 alcanzando [&hellip;]<\/p>\n","protected":false},"author":2,"featured_media":0,"parent":3646,"menu_order":0,"comment_status":"closed","ping_status":"closed","template":"","meta":{"inline_featured_image":false,"two_page_speed":[],"footnotes":""},"class_list":["post-2800","page","type-page","status-publish","hentry"],"_links":{"self":[{"href":"https:\/\/bbcentreprise.com\/es\/wp-json\/wp\/v2\/pages\/2800","targetHints":{"allow":["GET"]}}],"collection":[{"href":"https:\/\/bbcentreprise.com\/es\/wp-json\/wp\/v2\/pages"}],"about":[{"href":"https:\/\/bbcentreprise.com\/es\/wp-json\/wp\/v2\/types\/page"}],"author":[{"embeddable":true,"href":"https:\/\/bbcentreprise.com\/es\/wp-json\/wp\/v2\/users\/2"}],"replies":[{"embeddable":true,"href":"https:\/\/bbcentreprise.com\/es\/wp-json\/wp\/v2\/comments?post=2800"}],"version-history":[{"count":0,"href":"https:\/\/bbcentreprise.com\/es\/wp-json\/wp\/v2\/pages\/2800\/revisions"}],"up":[{"embeddable":true,"href":"https:\/\/bbcentreprise.com\/es\/wp-json\/wp\/v2\/pages\/3646"}],"wp:attachment":[{"href":"https:\/\/bbcentreprise.com\/es\/wp-json\/wp\/v2\/media?parent=2800"}],"curies":[{"name":"wp","href":"https:\/\/api.w.org\/{rel}","templated":true}]}}