{"id":4853,"date":"2024-05-18T19:40:58","date_gmt":"2024-05-18T19:40:58","guid":{"rendered":"https:\/\/bbcentreprise.com\/transformacion-digital-para-la-administracion\/"},"modified":"2024-05-28T11:43:50","modified_gmt":"2024-05-28T11:43:50","slug":"transformacion-digital-para-la-administracion","status":"publish","type":"page","link":"https:\/\/bbcentreprise.com\/es\/transformacion-digital-para-la-administracion\/","title":{"rendered":"Transformaci\u00f3n digital para la Administraci\u00f3n"},"content":{"rendered":"\t\t<div data-elementor-type=\"wp-page\" data-elementor-id=\"4853\" class=\"elementor elementor-4853\">\n\t\t\t\t\t\t<section class=\"elementor-section elementor-top-section elementor-element elementor-element-d44028d elementor-section-content-middle elementor-section-boxed elementor-section-height-default elementor-section-height-default\" data-id=\"d44028d\" data-element_type=\"section\" data-settings=\"{&quot;background_background&quot;:&quot;classic&quot;}\">\n\t\t\t\t\t\t\t<div class=\"elementor-background-overlay\"><\/div>\n\t\t\t\t\t\t\t<div class=\"elementor-container elementor-column-gap-no\">\n\t\t\t\t\t<div class=\"elementor-column elementor-col-100 elementor-top-column elementor-element elementor-element-385f660\" data-id=\"385f660\" data-element_type=\"column\">\n\t\t\t<div class=\"elementor-widget-wrap elementor-element-populated\">\n\t\t\t\t\t\t<div class=\"elementor-element elementor-element-789b5f2 elementor-hidden-desktop elementor-hidden-tablet elementor-hidden-mobile elementor-invisible elementor-widget elementor-widget-heading\" data-id=\"789b5f2\" data-element_type=\"widget\" data-settings=\"{&quot;_animation&quot;:&quot;fadeIn&quot;}\" data-widget_type=\"heading.default\">\n\t\t\t\t<div class=\"elementor-widget-container\">\n\t\t\t<h5 class=\"elementor-heading-title elementor-size-medium\">Transforma tu estrategia<\/h5>\t\t<\/div>\n\t\t\t\t<\/div>\n\t\t\t\t<div class=\"elementor-element elementor-element-f3c0b36 elementor-widget-divider--view-line elementor-invisible elementor-widget elementor-widget-divider\" data-id=\"f3c0b36\" data-element_type=\"widget\" data-settings=\"{&quot;_animation&quot;:&quot;fadeInUp&quot;}\" data-widget_type=\"divider.default\">\n\t\t\t\t<div class=\"elementor-widget-container\">\n\t\t\t\t\t<div class=\"elementor-divider\">\n\t\t\t<span class=\"elementor-divider-separator\">\n\t\t\t\t\t\t<\/span>\n\t\t<\/div>\n\t\t\t\t<\/div>\n\t\t\t\t<\/div>\n\t\t\t\t<div class=\"elementor-element elementor-element-76ea85f elementor-invisible elementor-widget elementor-widget-heading\" data-id=\"76ea85f\" data-element_type=\"widget\" data-settings=\"{&quot;_animation&quot;:&quot;fadeIn&quot;}\" data-widget_type=\"heading.default\">\n\t\t\t\t<div class=\"elementor-widget-container\">\n\t\t\t<h1 class=\"elementor-heading-title elementor-size-default\">Transformaci\u00f3n digital<br>para el gobierno!<\/h1>\t\t<\/div>\n\t\t\t\t<\/div>\n\t\t\t\t<div class=\"elementor-element elementor-element-62c467c elementor-invisible elementor-widget elementor-widget-text-editor\" data-id=\"62c467c\" data-element_type=\"widget\" data-settings=\"{&quot;_animation&quot;:&quot;fadeIn&quot;}\" data-widget_type=\"text-editor.default\">\n\t\t\t\t<div class=\"elementor-widget-container\">\n\t\t\t\t\t\t\t<p>Revolucionando el Sector P\u00fablico mediante tecnolog\u00eda innovadora.<\/p>\n\t\t\t\t\t\t<\/div>\n\t\t\t\t<\/div>\n\t\t\t\t<div class=\"elementor-element elementor-element-e5b995e elementor-widget elementor-widget-spacer\" data-id=\"e5b995e\" data-element_type=\"widget\" data-widget_type=\"spacer.default\">\n\t\t\t\t<div class=\"elementor-widget-container\">\n\t\t\t\t\t<div class=\"elementor-spacer\">\n\t\t\t<div class=\"elementor-spacer-inner\"><\/div>\n\t\t<\/div>\n\t\t\t\t<\/div>\n\t\t\t\t<\/div>\n\t\t\t\t<div class=\"elementor-element elementor-element-6551c7c elementor-align-left elementor-mobile-align-center elementor-invisible elementor-widget elementor-widget-button\" data-id=\"6551c7c\" data-element_type=\"widget\" data-settings=\"{&quot;_animation&quot;:&quot;fadeInUp&quot;,&quot;_animation_delay&quot;:800}\" data-widget_type=\"button.default\">\n\t\t\t\t<div class=\"elementor-widget-container\">\n\t\t\t\t\t<div class=\"elementor-button-wrapper\">\n\t\t\t<a class=\"elementor-button elementor-button-link elementor-size-md elementor-animation-sink\" href=\"https:\/\/bbcentreprise.com\/es\/contacta-con-nosotros\/\">\n\t\t\t\t\t\t<span class=\"elementor-button-content-wrapper\">\n\t\t\t\t\t\t<span class=\"elementor-button-icon elementor-align-icon-right\">\n\t\t\t\t<svg aria-hidden=\"true\" class=\"e-font-icon-svg e-fas-long-arrow-alt-down\" viewBox=\"0 0 256 512\" xmlns=\"http:\/\/www.w3.org\/2000\/svg\"><path d=\"M168 345.941V44c0-6.627-5.373-12-12-12h-56c-6.627 0-12 5.373-12 12v301.941H41.941c-21.382 0-32.09 25.851-16.971 40.971l86.059 86.059c9.373 9.373 24.569 9.373 33.941 0l86.059-86.059c15.119-15.119 4.411-40.971-16.971-40.971H168z\"><\/path><\/svg>\t\t\t<\/span>\n\t\t\t\t\t\t\t\t\t<span class=\"elementor-button-text\">Contacta AHORA!<\/span>\n\t\t\t\t\t<\/span>\n\t\t\t\t\t<\/a>\n\t\t<\/div>\n\t\t\t\t<\/div>\n\t\t\t\t<\/div>\n\t\t\t\t\t<\/div>\n\t\t<\/div>\n\t\t\t\t\t<\/div>\n\t\t<\/section>\n\t\t<div class=\"elementor-element elementor-element-ff26948 e-flex e-con-boxed e-con e-parent\" data-id=\"ff26948\" data-element_type=\"container\" data-settings=\"{&quot;background_background&quot;:&quot;classic&quot;}\">\n\t\t\t\t\t<div class=\"e-con-inner\">\n\t\t<div class=\"elementor-element elementor-element-24f8eb3 e-con-full e-flex e-con e-child\" data-id=\"24f8eb3\" data-element_type=\"container\">\n\t\t\t\t<div class=\"elementor-element elementor-element-71b5e55 elementor-invisible elementor-widget elementor-widget-heading\" data-id=\"71b5e55\" data-element_type=\"widget\" data-settings=\"{&quot;_animation&quot;:&quot;fadeIn&quot;}\" data-widget_type=\"heading.default\">\n\t\t\t\t<div class=\"elementor-widget-container\">\n\t\t\t<h2 class=\"elementor-heading-title elementor-size-default\">Oferta de servicios<\/h2>\t\t<\/div>\n\t\t\t\t<\/div>\n\t\t\t\t<\/div>\n\t\t\t\t\t<\/div>\n\t\t\t\t<\/div>\n\t\t<div class=\"elementor-element elementor-element-695d6c7   e-flex e-con-boxed e-con e-parent\" data-id=\"695d6c7\" data-element_type=\"container\" data-settings=\"{&quot;background_background&quot;:&quot;classic&quot;}\">\n\t\t\t\t\t<div class=\"e-con-inner\">\n\t\t\t\t<div class=\"elementor-element elementor-element-b8958d6 elementor-widget__width-initial elementor-widget-mobile__width-inherit   elementor-widget-tablet__width-inherit elementor-widget elementor-widget-image-box\" data-id=\"b8958d6\" data-element_type=\"widget\" data-widget_type=\"image-box.default\">\n\t\t\t\t<div class=\"elementor-widget-container\">\n\t\t\t<div class=\"elementor-image-box-wrapper\"><div class=\"elementor-image-box-content\"><h3 class=\"elementor-image-box-title\">Servicios de Administraci\u00f3n Electr\u00f3nica<\/h3><p class=\"elementor-image-box-description\">En BBC Entreprise, nos dedicamos a digitalizar los servicios gubernamentales para aumentar la eficacia y mejorar la experiencia general de los ciudadanos. Mediante el poder de la tecnolog\u00eda, pretendemos agilizar los procesos, reducir el papeleo y proporcionar un acceso m\u00e1s r\u00e1pido a los servicios esenciales.\n<br>\n<br>\n\n\nNuestras soluciones integrales de administraci\u00f3n electr\u00f3nica abarcan una amplia gama de servicios, como formularios en l\u00ednea, pagos digitales y gesti\u00f3n segura de datos. Al pasar de los m\u00e9todos tradicionales a las plataformas digitales, permitimos a las administraciones p\u00fablicas prestar servicios de forma fluida y c\u00f3moda, en cualquier momento y lugar.\n<br>\n<br>\nCon nuestra experiencia en transformaci\u00f3n digital, colaboramos estrechamente con los organismos p\u00fablicos para identificar los puntos d\u00e9biles, dise\u00f1ar interfaces f\u00e1ciles de usar e implantar sistemas robustos que satisfagan las necesidades \u00fanicas de cada organizaci\u00f3n. Nuestro objetivo es capacitar a los ciudadanos, simplificar los procesos administrativos y crear un gobierno m\u00e1s transparente y eficaz.<\/p><\/div><\/div>\t\t<\/div>\n\t\t\t\t<\/div>\n\t\t\t\t<div class=\"elementor-element elementor-element-bf0940d elementor-widget__width-initial elementor-widget-mobile__width-inherit   elementor-widget-tablet__width-inherit elementor-widget elementor-widget-image-box\" data-id=\"bf0940d\" data-element_type=\"widget\" data-widget_type=\"image-box.default\">\n\t\t\t\t<div class=\"elementor-widget-container\">\n\t\t\t<div class=\"elementor-image-box-wrapper\"><div class=\"elementor-image-box-content\"><h3 class=\"elementor-image-box-title\">Revolucionar los servicios p\u00fablicos  <\/h3><p class=\"elementor-image-box-description\">En BBC Entreprise, tenemos la misi\u00f3n de transformar la prestaci\u00f3n de servicios p\u00fablicos en Hait\u00ed, utilizando tecnolog\u00eda punta e innovaci\u00f3n. Nuestras plataformas digitales permiten a los ciudadanos acceder a servicios esenciales c\u00f3modamente, en cualquier momento y desde cualquier lugar, al tiempo que agilizan los procesos administrativos y reducen el papeleo.\n<br>\n<br>\nNuestro completo conjunto de soluciones digitales incluye formularios en l\u00ednea, gesti\u00f3n segura de datos y sistemas de pago r\u00e1pidos y eficaces, todo ello dise\u00f1ado pensando en la experiencia del usuario. Colaboramos estrechamente con los organismos p\u00fablicos para identificar los puntos d\u00e9biles, dise\u00f1ar interfaces f\u00e1ciles de usar e implantar sistemas robustos que satisfagan las necesidades \u00fanicas de cada organizaci\u00f3n.\n<br>\n<br>\nCon nuestra experiencia en transformaci\u00f3n digital y nuestro profundo conocimiento de los retos \u00fanicos de Hait\u00ed, estamos bien posicionados para ayudar al gobierno a proporcionar servicios p\u00fablicos mejores, m\u00e1s transparentes y m\u00e1s eficientes. \u00a1\u00danete hoy mismo a nosotros para revolucionar la prestaci\u00f3n de servicios p\u00fablicos en Hait\u00ed!<\/p><\/div><\/div>\t\t<\/div>\n\t\t\t\t<\/div>\n\t\t\t\t\t<\/div>\n\t\t\t\t<\/div>\n\t\t<div class=\"elementor-element elementor-element-6b3aedb   e-flex e-con-boxed e-con e-parent\" data-id=\"6b3aedb\" data-element_type=\"container\" data-settings=\"{&quot;background_background&quot;:&quot;classic&quot;}\">\n\t\t\t\t\t<div class=\"e-con-inner\">\n\t\t\t\t<div class=\"elementor-element elementor-element-bbeed9f elementor-widget__width-initial elementor-widget-mobile__width-inherit   elementor-widget-tablet__width-inherit elementor-widget elementor-widget-image-box\" data-id=\"bbeed9f\" data-element_type=\"widget\" data-widget_type=\"image-box.default\">\n\t\t\t\t<div class=\"elementor-widget-container\">\n\t\t\t<div class=\"elementor-image-box-wrapper\"><div class=\"elementor-image-box-content\"><h3 class=\"elementor-image-box-title\">Plataformas de participaci\u00f3n ciudadana<\/h3><p class=\"elementor-image-box-description\">\nEn esencia, creemos en mejorar la comunicaci\u00f3n entre los gobiernos y los ciudadanos. Nuestras plataformas de participaci\u00f3n ciudadana est\u00e1n dise\u00f1adas para acortar distancias y fomentar interacciones significativas.  \n\n<br>\n<br>\n\nA trav\u00e9s de nuestras plataformas, los ciudadanos pueden acceder f\u00e1cilmente a la informaci\u00f3n, expresar sus opiniones y contribuir a los procesos de toma de decisiones que dan forma a sus comunidades. Proporcionamos interfaces f\u00e1ciles de usar y funciones intuitivas que capacitan a las personas para participar activamente en las pol\u00edticas p\u00fablicas.\n\n<br>\n<br>\n\nAl mejorar los canales de comunicaci\u00f3n y fomentar la transparencia, pretendemos crear un modelo de gobernanza m\u00e1s inclusivo y democr\u00e1tico. Nuestras plataformas permiten a los gobiernos escuchar las diversas voces de los ciudadanos, garantizando que sus opiniones e ideas no s\u00f3lo se escuchen, sino que tambi\u00e9n se incorporen al proceso de toma de decisiones.<\/p><\/div><\/div>\t\t<\/div>\n\t\t\t\t<\/div>\n\t\t\t\t<div class=\"elementor-element elementor-element-e478e66 elementor-widget__width-initial elementor-widget-mobile__width-inherit   elementor-widget-tablet__width-inherit elementor-widget elementor-widget-image-box\" data-id=\"e478e66\" data-element_type=\"widget\" data-widget_type=\"image-box.default\">\n\t\t\t\t<div class=\"elementor-widget-container\">\n\t\t\t<div class=\"elementor-image-box-wrapper\"><div class=\"elementor-image-box-content\"><h3 class=\"elementor-image-box-title\">Cumplimiento normativo para entidades financieras<\/h3><p class=\"elementor-image-box-description\">En el complejo entorno empresarial actual, el cumplimiento de la normativa es de suma importancia. Comprendemos la importancia de cumplir la normativa local e internacional para garantizar el buen funcionamiento de tu organizaci\u00f3n.\n<br>\n<br>\nNuestro equipo de expertos conoce bien el panorama normativo en constante evoluci\u00f3n y puede ayudarte a navegar por las complejidades. Proporcionamos soluciones integrales que abarcan evaluaciones de cumplimiento, desarrollo de pol\u00edticas y supervisi\u00f3n continua.\n<br>\n<br>\nAl asociarte con nosotros, puedes estar seguro de que\ntu organizaci\u00f3n cumple todos los requisitos financieros y gubernamentales pertinentes\nreglamentos. Adoptamos un enfoque proactivo para\nidentificar y abordar cualquier laguna de cumplimiento,\nmitigar los riesgos y garantizar tu negocio\nlas operaciones se ajustan a las normas exigidas.<\/p><\/div><\/div>\t\t<\/div>\n\t\t\t\t<\/div>\n\t\t\t\t\t<\/div>\n\t\t\t\t<\/div>\n\t\t<div class=\"elementor-element elementor-element-3d36d87 e-flex e-con-boxed e-con e-parent\" data-id=\"3d36d87\" data-element_type=\"container\" data-settings=\"{&quot;background_background&quot;:&quot;classic&quot;}\">\n\t\t\t\t\t<div class=\"e-con-inner\">\n\t\t<div class=\"elementor-element elementor-element-89ca721 e-con-full e-flex e-con e-child\" data-id=\"89ca721\" data-element_type=\"container\">\n\t\t\t\t<div class=\"elementor-element elementor-element-7f64359 elementor-invisible elementor-widget elementor-widget-heading\" data-id=\"7f64359\" data-element_type=\"widget\" data-settings=\"{&quot;_animation&quot;:&quot;fadeIn&quot;}\" data-widget_type=\"heading.default\">\n\t\t\t\t<div class=\"elementor-widget-container\">\n\t\t\t<h2 class=\"elementor-heading-title elementor-size-default\">4\u00aa Revoluci\u00f3n Industrial<\/h2>\t\t<\/div>\n\t\t\t\t<\/div>\n\t\t\t\t<\/div>\n\t\t\t\t\t<\/div>\n\t\t\t\t<\/div>\n\t\t<div class=\"elementor-element elementor-element-f5b40bf e-flex e-con-boxed e-con e-parent\" data-id=\"f5b40bf\" data-element_type=\"container\" data-settings=\"{&quot;background_background&quot;:&quot;classic&quot;}\">\n\t\t\t\t\t<div class=\"e-con-inner\">\n\t\t\t\t<div class=\"elementor-element elementor-element-f365383 elementor-widget elementor-widget-image\" data-id=\"f365383\" data-element_type=\"widget\" data-widget_type=\"image.default\">\n\t\t\t\t<div class=\"elementor-widget-container\">\n\t\t\t\t\t\t\t\t\t\t\t\t\t<img fetchpriority=\"high\" decoding=\"async\" width=\"640\" height=\"638\" src=\"https:\/\/bbcentreprise.com\/wp-content\/uploads\/2024\/05\/Screenshot-2024-05-19-021034.png\" class=\"attachment-large size-large wp-image-4956\" alt=\"\" srcset=\"https:\/\/bbcentreprise.com\/wp-content\/uploads\/2024\/05\/Screenshot-2024-05-19-021034.png 772w, https:\/\/bbcentreprise.com\/wp-content\/uploads\/2024\/05\/Screenshot-2024-05-19-021034-300x300.png 300w, https:\/\/bbcentreprise.com\/wp-content\/uploads\/2024\/05\/Screenshot-2024-05-19-021034-150x150.png 150w, https:\/\/bbcentreprise.com\/wp-content\/uploads\/2024\/05\/Screenshot-2024-05-19-021034-768x765.png 768w, https:\/\/bbcentreprise.com\/wp-content\/uploads\/2024\/05\/Screenshot-2024-05-19-021034-600x598.png 600w\" sizes=\"(max-width: 640px) 100vw, 640px\" \/>\t\t\t\t\t\t\t\t\t\t\t\t\t<\/div>\n\t\t\t\t<\/div>\n\t\t\t\t\t<\/div>\n\t\t\t\t<\/div>\n\t\t\t\t<section class=\"elementor-section elementor-top-section elementor-element elementor-element-50f7530 elementor-section-content-middle elementor-section-stretched elementor-section-height-min-height elementor-section-items-stretch elementor-section-boxed elementor-section-height-default\" data-id=\"50f7530\" data-element_type=\"section\" data-settings=\"{&quot;background_background&quot;:&quot;classic&quot;,&quot;stretch_section&quot;:&quot;section-stretched&quot;}\">\n\t\t\t\t\t\t\t<div class=\"elementor-background-overlay\"><\/div>\n\t\t\t\t\t\t\t<div class=\"elementor-container elementor-column-gap-default\">\n\t\t\t\t\t<div class=\"elementor-column elementor-col-100 elementor-top-column elementor-element elementor-element-f5dfcb8 glass-effects\" data-id=\"f5dfcb8\" data-element_type=\"column\">\n\t\t\t<div class=\"elementor-widget-wrap elementor-element-populated\">\n\t\t\t\t\t\t<div class=\"elementor-element elementor-element-b839b03 elementor-invisible elementor-widget elementor-widget-heading\" data-id=\"b839b03\" data-element_type=\"widget\" data-settings=\"{&quot;_animation&quot;:&quot;fadeIn&quot;}\" data-widget_type=\"heading.default\">\n\t\t\t\t<div class=\"elementor-widget-container\">\n\t\t\t<h5 class=\"elementor-heading-title elementor-size-medium\">\u00a1Te esperan grandes cosas!<\/h5>\t\t<\/div>\n\t\t\t\t<\/div>\n\t\t\t\t<div class=\"elementor-element elementor-element-3d7642e elementor-widget-divider--view-line elementor-invisible elementor-widget elementor-widget-divider\" data-id=\"3d7642e\" data-element_type=\"widget\" data-settings=\"{&quot;_animation&quot;:&quot;fadeInUp&quot;}\" data-widget_type=\"divider.default\">\n\t\t\t\t<div class=\"elementor-widget-container\">\n\t\t\t\t\t<div class=\"elementor-divider\">\n\t\t\t<span class=\"elementor-divider-separator\">\n\t\t\t\t\t\t<\/span>\n\t\t<\/div>\n\t\t\t\t<\/div>\n\t\t\t\t<\/div>\n\t\t\t\t<div class=\"elementor-element elementor-element-2818c15 elementor-invisible elementor-widget elementor-widget-heading\" data-id=\"2818c15\" data-element_type=\"widget\" data-settings=\"{&quot;_animation&quot;:&quot;fadeIn&quot;}\" data-widget_type=\"heading.default\">\n\t\t\t\t<div class=\"elementor-widget-container\">\n\t\t\t<h1 class=\"elementor-heading-title elementor-size-default\">Haz crecer tu  <br>\u00a1Haz negocios con nosotros!<\/h1>\t\t<\/div>\n\t\t\t\t<\/div>\n\t\t\t\t<div class=\"elementor-element elementor-element-0b4c3e3 elementor-invisible elementor-widget elementor-widget-text-editor\" data-id=\"0b4c3e3\" data-element_type=\"widget\" data-settings=\"{&quot;_animation&quot;:&quot;fadeIn&quot;}\" data-widget_type=\"text-editor.default\">\n\t\t\t\t<div class=\"elementor-widget-container\">\n\t\t\t\t\t\t\t<p>Te ayudaremos a subir de nivel en todos los aspectos de tu negocio con nuestro asesoramiento de primera clase.<\/p>\n\t\t\t\t\t\t<\/div>\n\t\t\t\t<\/div>\n\t\t\t\t<div class=\"elementor-element elementor-element-679b9c8 elementor-align-left elementor-mobile-align-center elementor-invisible elementor-widget elementor-widget-button\" data-id=\"679b9c8\" data-element_type=\"widget\" data-settings=\"{&quot;_animation&quot;:&quot;fadeInUp&quot;,&quot;_animation_delay&quot;:800}\" data-widget_type=\"button.default\">\n\t\t\t\t<div class=\"elementor-widget-container\">\n\t\t\t\t\t<div class=\"elementor-button-wrapper\">\n\t\t\t<a class=\"elementor-button elementor-button-link elementor-size-md elementor-animation-sink\" href=\"https:\/\/bbcentreprise.com\/es\/ponte-en-contacto-con\/\">\n\t\t\t\t\t\t<span class=\"elementor-button-content-wrapper\">\n\t\t\t\t\t\t<span class=\"elementor-button-icon elementor-align-icon-right\">\n\t\t\t\t<svg aria-hidden=\"true\" class=\"e-font-icon-svg e-fas-long-arrow-alt-down\" viewBox=\"0 0 256 512\" xmlns=\"http:\/\/www.w3.org\/2000\/svg\"><path d=\"M168 345.941V44c0-6.627-5.373-12-12-12h-56c-6.627 0-12 5.373-12 12v301.941H41.941c-21.382 0-32.09 25.851-16.971 40.971l86.059 86.059c9.373 9.373 24.569 9.373 33.941 0l86.059-86.059c15.119-15.119 4.411-40.971-16.971-40.971H168z\"><\/path><\/svg>\t\t\t<\/span>\n\t\t\t\t\t\t\t\t\t<span class=\"elementor-button-text\">\u00a1Contacta AHORA!<\/span>\n\t\t\t\t\t<\/span>\n\t\t\t\t\t<\/a>\n\t\t<\/div>\n\t\t\t\t<\/div>\n\t\t\t\t<\/div>\n\t\t\t\t\t<\/div>\n\t\t<\/div>\n\t\t\t\t\t<\/div>\n\t\t<\/section>\n\t\t\t\t<\/div>\n\t\t","protected":false},"excerpt":{"rendered":"<p>Transforma tu estrategia Transformaci\u00f3n digitalpara el gobierno! Revolucionando el Sector P\u00fablico mediante tecnolog\u00eda innovadora. Contacta AHORA! Oferta de servicios Servicios de Administraci\u00f3n Electr\u00f3nica En BBC Entreprise, nos dedicamos a digitalizar los servicios gubernamentales para aumentar la eficacia y mejorar la experiencia general de los ciudadanos. Mediante el poder de la tecnolog\u00eda, pretendemos agilizar los procesos, [&hellip;]<\/p>\n","protected":false},"author":4,"featured_media":0,"parent":0,"menu_order":0,"comment_status":"closed","ping_status":"closed","template":"elementor_header_footer","meta":{"inline_featured_image":false,"two_page_speed":[],"footnotes":""},"class_list":["post-4853","page","type-page","status-publish","hentry"],"_links":{"self":[{"href":"https:\/\/bbcentreprise.com\/es\/wp-json\/wp\/v2\/pages\/4853","targetHints":{"allow":["GET"]}}],"collection":[{"href":"https:\/\/bbcentreprise.com\/es\/wp-json\/wp\/v2\/pages"}],"about":[{"href":"https:\/\/bbcentreprise.com\/es\/wp-json\/wp\/v2\/types\/page"}],"author":[{"embeddable":true,"href":"https:\/\/bbcentreprise.com\/es\/wp-json\/wp\/v2\/users\/4"}],"replies":[{"embeddable":true,"href":"https:\/\/bbcentreprise.com\/es\/wp-json\/wp\/v2\/comments?post=4853"}],"version-history":[{"count":0,"href":"https:\/\/bbcentreprise.com\/es\/wp-json\/wp\/v2\/pages\/4853\/revisions"}],"wp:attachment":[{"href":"https:\/\/bbcentreprise.com\/es\/wp-json\/wp\/v2\/media?parent=4853"}],"curies":[{"name":"wp","href":"https:\/\/api.w.org\/{rel}","templated":true}]}}