{"id":5253,"date":"2024-05-20T04:31:22","date_gmt":"2024-05-20T04:31:22","guid":{"rendered":"https:\/\/bbcentreprise.com\/ciberseguridad-y-gestion-de-riesgos\/"},"modified":"2024-05-28T11:43:18","modified_gmt":"2024-05-28T11:43:18","slug":"ciberseguridad-y-gestion-de-riesgos","status":"publish","type":"page","link":"https:\/\/bbcentreprise.com\/es\/ciberseguridad-y-gestion-de-riesgos\/","title":{"rendered":"Ciberseguridad y Gesti\u00f3n de Riesgos"},"content":{"rendered":"\t\t<div data-elementor-type=\"wp-page\" data-elementor-id=\"5253\" class=\"elementor elementor-5253\">\n\t\t\t\t\t\t<section class=\"elementor-section elementor-top-section elementor-element elementor-element-24dbdcc elementor-section-content-middle elementor-section-boxed elementor-section-height-default elementor-section-height-default\" data-id=\"24dbdcc\" data-element_type=\"section\" data-settings=\"{&quot;background_background&quot;:&quot;classic&quot;}\">\n\t\t\t\t\t\t\t<div class=\"elementor-background-overlay\"><\/div>\n\t\t\t\t\t\t\t<div class=\"elementor-container elementor-column-gap-no\">\n\t\t\t\t\t<div class=\"elementor-column elementor-col-100 elementor-top-column elementor-element elementor-element-5398990\" data-id=\"5398990\" data-element_type=\"column\">\n\t\t\t<div class=\"elementor-widget-wrap elementor-element-populated\">\n\t\t\t\t\t\t<div class=\"elementor-element elementor-element-9fffadd elementor-hidden-desktop elementor-hidden-tablet elementor-hidden-mobile elementor-invisible elementor-widget elementor-widget-heading\" data-id=\"9fffadd\" data-element_type=\"widget\" data-settings=\"{&quot;_animation&quot;:&quot;fadeIn&quot;}\" data-widget_type=\"heading.default\">\n\t\t\t\t<div class=\"elementor-widget-container\">\n\t\t\t<h5 class=\"elementor-heading-title elementor-size-medium\">conseguir un mayor impacto.<\/h5>\t\t<\/div>\n\t\t\t\t<\/div>\n\t\t\t\t<div class=\"elementor-element elementor-element-25b4ebd elementor-widget-divider--view-line elementor-invisible elementor-widget elementor-widget-divider\" data-id=\"25b4ebd\" data-element_type=\"widget\" data-settings=\"{&quot;_animation&quot;:&quot;fadeInUp&quot;}\" data-widget_type=\"divider.default\">\n\t\t\t\t<div class=\"elementor-widget-container\">\n\t\t\t\t\t<div class=\"elementor-divider\">\n\t\t\t<span class=\"elementor-divider-separator\">\n\t\t\t\t\t\t<\/span>\n\t\t<\/div>\n\t\t\t\t<\/div>\n\t\t\t\t<\/div>\n\t\t\t\t<div class=\"elementor-element elementor-element-0e6da76 elementor-invisible elementor-widget elementor-widget-heading\" data-id=\"0e6da76\" data-element_type=\"widget\" data-settings=\"{&quot;_animation&quot;:&quot;fadeIn&quot;}\" data-widget_type=\"heading.default\">\n\t\t\t\t<div class=\"elementor-widget-container\">\n\t\t\t<h1 class=\"elementor-heading-title elementor-size-default\">Ciberseguridad  <br>y Gesti\u00f3n de riesgos<\/h1>\t\t<\/div>\n\t\t\t\t<\/div>\n\t\t\t\t<div class=\"elementor-element elementor-element-c672bdd elementor-invisible elementor-widget elementor-widget-text-editor\" data-id=\"c672bdd\" data-element_type=\"widget\" data-settings=\"{&quot;_animation&quot;:&quot;fadeIn&quot;}\" data-widget_type=\"text-editor.default\">\n\t\t\t\t<div class=\"elementor-widget-container\">\n\t\t\t\t\t\t\tEstrategias avanzadas\npara una ciberseguridad integral\ny Gesti\u00f3n Eficaz del Riesgo\t\t\t\t\t\t<\/div>\n\t\t\t\t<\/div>\n\t\t\t\t<div class=\"elementor-element elementor-element-90e112b elementor-widget elementor-widget-spacer\" data-id=\"90e112b\" data-element_type=\"widget\" data-widget_type=\"spacer.default\">\n\t\t\t\t<div class=\"elementor-widget-container\">\n\t\t\t\t\t<div class=\"elementor-spacer\">\n\t\t\t<div class=\"elementor-spacer-inner\"><\/div>\n\t\t<\/div>\n\t\t\t\t<\/div>\n\t\t\t\t<\/div>\n\t\t\t\t<div class=\"elementor-element elementor-element-cda9ef3 elementor-align-left elementor-mobile-align-center elementor-invisible elementor-widget elementor-widget-button\" data-id=\"cda9ef3\" data-element_type=\"widget\" data-settings=\"{&quot;_animation&quot;:&quot;fadeInUp&quot;,&quot;_animation_delay&quot;:800}\" data-widget_type=\"button.default\">\n\t\t\t\t<div class=\"elementor-widget-container\">\n\t\t\t\t\t<div class=\"elementor-button-wrapper\">\n\t\t\t<a class=\"elementor-button elementor-button-link elementor-size-md elementor-animation-sink\" href=\"https:\/\/bbcentreprise.com\/es\/contacta-con-nosotros\/\">\n\t\t\t\t\t\t<span class=\"elementor-button-content-wrapper\">\n\t\t\t\t\t\t<span class=\"elementor-button-icon elementor-align-icon-right\">\n\t\t\t\t<svg aria-hidden=\"true\" class=\"e-font-icon-svg e-fas-long-arrow-alt-down\" viewBox=\"0 0 256 512\" xmlns=\"http:\/\/www.w3.org\/2000\/svg\"><path d=\"M168 345.941V44c0-6.627-5.373-12-12-12h-56c-6.627 0-12 5.373-12 12v301.941H41.941c-21.382 0-32.09 25.851-16.971 40.971l86.059 86.059c9.373 9.373 24.569 9.373 33.941 0l86.059-86.059c15.119-15.119 4.411-40.971-16.971-40.971H168z\"><\/path><\/svg>\t\t\t<\/span>\n\t\t\t\t\t\t\t\t\t<span class=\"elementor-button-text\">Contacta AHORA!<\/span>\n\t\t\t\t\t<\/span>\n\t\t\t\t\t<\/a>\n\t\t<\/div>\n\t\t\t\t<\/div>\n\t\t\t\t<\/div>\n\t\t\t\t\t<\/div>\n\t\t<\/div>\n\t\t\t\t\t<\/div>\n\t\t<\/section>\n\t\t<div class=\"elementor-element elementor-element-43c62a9 e-flex e-con-boxed e-con e-parent\" data-id=\"43c62a9\" data-element_type=\"container\" data-settings=\"{&quot;background_background&quot;:&quot;classic&quot;}\">\n\t\t\t\t\t<div class=\"e-con-inner\">\n\t\t<div class=\"elementor-element elementor-element-faa8711 e-con-full e-flex e-con e-child\" data-id=\"faa8711\" data-element_type=\"container\">\n\t\t\t\t<div class=\"elementor-element elementor-element-580e09c elementor-invisible elementor-widget elementor-widget-heading\" data-id=\"580e09c\" data-element_type=\"widget\" data-settings=\"{&quot;_animation&quot;:&quot;fadeIn&quot;}\" data-widget_type=\"heading.default\">\n\t\t\t\t<div class=\"elementor-widget-container\">\n\t\t\t<h2 class=\"elementor-heading-title elementor-size-default\">Nuestros servicios  <\/h2>\t\t<\/div>\n\t\t\t\t<\/div>\n\t\t\t\t<\/div>\n\t\t\t\t\t<\/div>\n\t\t\t\t<\/div>\n\t\t<div class=\"elementor-element elementor-element-b0e6a9a   e-flex e-con-boxed e-con e-parent\" data-id=\"b0e6a9a\" data-element_type=\"container\" data-settings=\"{&quot;background_background&quot;:&quot;classic&quot;}\">\n\t\t\t\t\t<div class=\"e-con-inner\">\n\t\t\t\t<div class=\"elementor-element elementor-element-5b83e6f elementor-widget__width-initial elementor-widget-mobile__width-inherit   elementor-widget-tablet__width-inherit elementor-widget elementor-widget-image-box\" data-id=\"5b83e6f\" data-element_type=\"widget\" data-widget_type=\"image-box.default\">\n\t\t\t\t<div class=\"elementor-widget-container\">\n\t\t\t<div class=\"elementor-image-box-wrapper\"><div class=\"elementor-image-box-content\"><h3 class=\"elementor-image-box-title\">Auditor\u00edas y evaluaciones de seguridad<\/h3><p class=\"elementor-image-box-description\">En BBC Entreprise ofrecemos auditor\u00edas y evaluaciones de seguridad completas para ayudar a las empresas a identificar vulnerabilidades y mejorar su postura de seguridad.<br><br>\nNuestro equipo de expertos llevar\u00e1 a cabo una evaluaci\u00f3n exhaustiva de tus sistemas, procesos y pol\u00edticas para identificar los puntos d\u00e9biles o de incumplimiento.<br><br>\nTe proporcionaremos un informe detallado de nuestros hallazgos, junto con recomendaciones para la correcci\u00f3n y mejoras continuas de la seguridad.<\/p><\/div><\/div>\t\t<\/div>\n\t\t\t\t<\/div>\n\t\t\t\t<div class=\"elementor-element elementor-element-f0312c3 elementor-widget__width-initial elementor-widget-mobile__width-inherit   elementor-widget-tablet__width-inherit elementor-widget elementor-widget-image-box\" data-id=\"f0312c3\" data-element_type=\"widget\" data-widget_type=\"image-box.default\">\n\t\t\t\t<div class=\"elementor-widget-container\">\n\t\t\t<div class=\"elementor-image-box-wrapper\"><div class=\"elementor-image-box-content\"><h3 class=\"elementor-image-box-title\">Marcos de gesti\u00f3n de riesgos<\/h3><p class=\"elementor-image-box-description\">En BBC Entreprise estamos especializados en desarrollar marcos integrales de gesti\u00f3n de riesgos para ayudar a las empresas a identificar, evaluar y mitigar los riesgos digitales.<br><br>\nNuestro equipo de expertos trabajar\u00e1 estrechamente con tu organizaci\u00f3n para comprender tu paisaje de riesgos \u00fanico y dise\u00f1ar estrategias a medida para abordar y minimizar las amenazas potenciales.\n<br><br>Desde la identificaci\u00f3n y evaluaci\u00f3n de riesgos hasta la aplicaci\u00f3n de medidas para mitigarlos, proporcionamos soluciones integrales de gesti\u00f3n de riesgos para garantizar la seguridad y resistencia de tus activos digitales.<\/p><\/div><\/div>\t\t<\/div>\n\t\t\t\t<\/div>\n\t\t\t\t\t<\/div>\n\t\t\t\t<\/div>\n\t\t<div class=\"elementor-element elementor-element-07e195d   e-flex e-con-boxed e-con e-parent\" data-id=\"07e195d\" data-element_type=\"container\" data-settings=\"{&quot;background_background&quot;:&quot;classic&quot;}\">\n\t\t\t\t\t<div class=\"e-con-inner\">\n\t\t\t\t<div class=\"elementor-element elementor-element-9d421a2 elementor-widget__width-initial elementor-widget-mobile__width-inherit   elementor-widget-tablet__width-inherit elementor-widget elementor-widget-image-box\" data-id=\"9d421a2\" data-element_type=\"widget\" data-widget_type=\"image-box.default\">\n\t\t\t\t<div class=\"elementor-widget-container\">\n\t\t\t<div class=\"elementor-image-box-wrapper\"><div class=\"elementor-image-box-content\"><h3 class=\"elementor-image-box-title\">Estrategias de protecci\u00f3n de datos<\/h3><p class=\"elementor-image-box-description\">En BBC Entreprise somos conscientes de la importancia de la protecci\u00f3n de datos y del cumplimiento de la normativa al respecto. Nuestro equipo de expertos puede ayudarte a desarrollar s\u00f3lidas estrategias de protecci\u00f3n de datos para salvaguardar tu informaci\u00f3n sensible.<br><br>\nTrabajaremos estrechamente con tu organizaci\u00f3n para evaluar tus pr\u00e1cticas de tratamiento de datos, identificar los riesgos potenciales e implantar las medidas de seguridad adecuadas. Nuestro objetivo es garantizar que tus datos est\u00e9n protegidos de accesos no autorizados, violaciones y otras amenazas a la seguridad.<br><br>\nDesde implantar controles de encriptaci\u00f3n y acceso hasta proporcionar formaci\u00f3n al personal sobre las mejores pr\u00e1cticas de protecci\u00f3n de datos, ofrecemos soluciones integrales para ayudarte a conseguir y mantener el cumplimiento de la normativa sobre protecci\u00f3n de datos.<\/p><\/div><\/div>\t\t<\/div>\n\t\t\t\t<\/div>\n\t\t\t\t<div class=\"elementor-element elementor-element-cb87faa elementor-widget__width-initial elementor-widget-mobile__width-inherit   elementor-widget-tablet__width-inherit elementor-widget elementor-widget-image-box\" data-id=\"cb87faa\" data-element_type=\"widget\" data-widget_type=\"image-box.default\">\n\t\t\t\t<div class=\"elementor-widget-container\">\n\t\t\t<div class=\"elementor-image-box-wrapper\"><div class=\"elementor-image-box-content\"><h3 class=\"elementor-image-box-title\">Planificaci\u00f3n de la respuesta a incidentes<\/h3><p class=\"elementor-image-box-description\">En BBC Entreprise, comprendemos la importancia de estar preparados y gestionar eficazmente los incidentes de ciberseguridad. Nuestros servicios de planificaci\u00f3n de la respuesta a incidentes est\u00e1n dise\u00f1ados para ayudar a las organizaciones a desarrollar estrategias proactivas para mitigar el impacto de posibles violaciones de la seguridad.<br><br>\nTrabajamos estrechamente con tu organizaci\u00f3n para evaluar tus capacidades actuales de respuesta a incidentes, identificar vulnerabilidades y desarrollar planes a medida de respuesta a incidentes. Nuestro equipo de expertos te guiar\u00e1 en el proceso de creaci\u00f3n de un marco eficaz de respuesta a incidentes, que incluye la definici\u00f3n de funciones y responsabilidades, el establecimiento de protocolos de comunicaci\u00f3n y la realizaci\u00f3n de formaci\u00f3n y pruebas peri\u00f3dicas.<br><br>\nCon nuestros servicios de planificaci\u00f3n de respuesta a incidentes, puedes asegurarte de que tu organizaci\u00f3n est\u00e1 bien equipada para detectar, responder y recuperarse de incidentes de ciberseguridad, minimizando el da\u00f1o potencial a tus operaciones empresariales y\nreputaci\u00f3n.<\/p><\/div><\/div>\t\t<\/div>\n\t\t\t\t<\/div>\n\t\t\t\t\t<\/div>\n\t\t\t\t<\/div>\n\t\t\t\t<\/div>\n\t\t","protected":false},"excerpt":{"rendered":"<p>conseguir un mayor impacto. Ciberseguridad y Gesti\u00f3n de riesgos Estrategias avanzadas para una ciberseguridad integral y Gesti\u00f3n Eficaz del Riesgo Contacta AHORA! Nuestros servicios Auditor\u00edas y evaluaciones de seguridad En BBC Entreprise ofrecemos auditor\u00edas y evaluaciones de seguridad completas para ayudar a las empresas a identificar vulnerabilidades y mejorar su postura de seguridad. Nuestro equipo [&hellip;]<\/p>\n","protected":false},"author":4,"featured_media":0,"parent":0,"menu_order":0,"comment_status":"closed","ping_status":"closed","template":"elementor_header_footer","meta":{"inline_featured_image":false,"two_page_speed":[],"footnotes":""},"class_list":["post-5253","page","type-page","status-publish","hentry"],"_links":{"self":[{"href":"https:\/\/bbcentreprise.com\/es\/wp-json\/wp\/v2\/pages\/5253","targetHints":{"allow":["GET"]}}],"collection":[{"href":"https:\/\/bbcentreprise.com\/es\/wp-json\/wp\/v2\/pages"}],"about":[{"href":"https:\/\/bbcentreprise.com\/es\/wp-json\/wp\/v2\/types\/page"}],"author":[{"embeddable":true,"href":"https:\/\/bbcentreprise.com\/es\/wp-json\/wp\/v2\/users\/4"}],"replies":[{"embeddable":true,"href":"https:\/\/bbcentreprise.com\/es\/wp-json\/wp\/v2\/comments?post=5253"}],"version-history":[{"count":0,"href":"https:\/\/bbcentreprise.com\/es\/wp-json\/wp\/v2\/pages\/5253\/revisions"}],"wp:attachment":[{"href":"https:\/\/bbcentreprise.com\/es\/wp-json\/wp\/v2\/media?parent=5253"}],"curies":[{"name":"wp","href":"https:\/\/api.w.org\/{rel}","templated":true}]}}