{"id":2768,"date":"2024-01-17T00:43:36","date_gmt":"2024-01-17T00:43:36","guid":{"rendered":"https:\/\/bbcentreprise.com\/services-transformation-numerique\/"},"modified":"2024-05-26T11:17:52","modified_gmt":"2024-05-26T11:17:52","slug":"transformation-numerique","status":"publish","type":"page","link":"https:\/\/bbcentreprise.com\/fr\/transformation-numerique\/","title":{"rendered":"Transformation num\u00e9rique"},"content":{"rendered":"\t\t<div data-elementor-type=\"wp-post\" data-elementor-id=\"2768\" class=\"elementor elementor-2768\">\n\t\t\t\t\t\t<section class=\"elementor-section elementor-top-section elementor-element elementor-element-d4e206e elementor-section-content-middle elementor-section-boxed elementor-section-height-default elementor-section-height-default\" data-id=\"d4e206e\" data-element_type=\"section\" data-settings=\"{&quot;background_background&quot;:&quot;classic&quot;}\">\n\t\t\t\t\t\t\t<div class=\"elementor-background-overlay\"><\/div>\n\t\t\t\t\t\t\t<div class=\"elementor-container elementor-column-gap-no\">\n\t\t\t\t\t<div class=\"elementor-column elementor-col-100 elementor-top-column elementor-element elementor-element-f0edad0\" data-id=\"f0edad0\" data-element_type=\"column\">\n\t\t\t<div class=\"elementor-widget-wrap elementor-element-populated\">\n\t\t\t\t\t\t<div class=\"elementor-element elementor-element-47c162c elementor-hidden-desktop elementor-hidden-tablet elementor-hidden-mobile elementor-invisible elementor-widget elementor-widget-heading\" data-id=\"47c162c\" data-element_type=\"widget\" data-settings=\"{&quot;_animation&quot;:&quot;fadeIn&quot;}\" data-widget_type=\"heading.default\">\n\t\t\t\t<div class=\"elementor-widget-container\">\n\t\t\t<h5 class=\"elementor-heading-title elementor-size-medium\">\u00catre num\u00e9ris\u00e9<\/h5>\t\t<\/div>\n\t\t\t\t<\/div>\n\t\t\t\t<div class=\"elementor-element elementor-element-0e387b7 elementor-widget-divider--view-line elementor-invisible elementor-widget elementor-widget-divider\" data-id=\"0e387b7\" data-element_type=\"widget\" data-settings=\"{&quot;_animation&quot;:&quot;fadeInUp&quot;}\" data-widget_type=\"divider.default\">\n\t\t\t\t<div class=\"elementor-widget-container\">\n\t\t\t\t\t<div class=\"elementor-divider\">\n\t\t\t<span class=\"elementor-divider-separator\">\n\t\t\t\t\t\t<\/span>\n\t\t<\/div>\n\t\t\t\t<\/div>\n\t\t\t\t<\/div>\n\t\t\t\t<div class=\"elementor-element elementor-element-1f8694a elementor-invisible elementor-widget elementor-widget-heading\" data-id=\"1f8694a\" data-element_type=\"widget\" data-settings=\"{&quot;_animation&quot;:&quot;fadeIn&quot;}\" data-widget_type=\"heading.default\">\n\t\t\t\t<div class=\"elementor-widget-container\">\n\t\t\t<h1 class=\"elementor-heading-title elementor-size-default\">Strat\u00e9gies r\u00e9volutionnaires pour une croissance rapide des entreprises<\/h1>\t\t<\/div>\n\t\t\t\t<\/div>\n\t\t\t\t<div class=\"elementor-element elementor-element-79d272d elementor-invisible elementor-widget elementor-widget-text-editor\" data-id=\"79d272d\" data-element_type=\"widget\" data-settings=\"{&quot;_animation&quot;:&quot;fadeIn&quot;}\" data-widget_type=\"text-editor.default\">\n\t\t\t\t<div class=\"elementor-widget-container\">\n\t\t\t\t\t\t\tnotre feuille de route pour r\u00e9volutionner le num\u00e9rique\nen Ha\u00efti et sur le march\u00e9 international. En tant que\nBBC Entreprise, soci\u00e9t\u00e9 de conseil de premier plan, se consacre \u00e0\nen donnant aux entreprises et aux entit\u00e9s gouvernementales les moyens d&rsquo;acc\u00e9der \u00e0 des services de pointe.\ndes strat\u00e9gies de pointe et des solutions innovantes qui favorisent la r\u00e9silience\net favoriser une croissance durable.\t\t\t\t\t\t<\/div>\n\t\t\t\t<\/div>\n\t\t\t\t<div class=\"elementor-element elementor-element-f02e752 elementor-widget elementor-widget-spacer\" data-id=\"f02e752\" data-element_type=\"widget\" data-widget_type=\"spacer.default\">\n\t\t\t\t<div class=\"elementor-widget-container\">\n\t\t\t\t\t<div class=\"elementor-spacer\">\n\t\t\t<div class=\"elementor-spacer-inner\"><\/div>\n\t\t<\/div>\n\t\t\t\t<\/div>\n\t\t\t\t<\/div>\n\t\t\t\t<div class=\"elementor-element elementor-element-5dd577a elementor-align-left elementor-mobile-align-center elementor-invisible elementor-widget elementor-widget-button\" data-id=\"5dd577a\" data-element_type=\"widget\" data-settings=\"{&quot;_animation&quot;:&quot;fadeInUp&quot;,&quot;_animation_delay&quot;:800}\" data-widget_type=\"button.default\">\n\t\t\t\t<div class=\"elementor-widget-container\">\n\t\t\t\t\t<div class=\"elementor-button-wrapper\">\n\t\t\t<a class=\"elementor-button elementor-button-link elementor-size-md elementor-animation-sink\" href=\"https:\/\/bbcentreprise.com\/fr\/contact\/\">\n\t\t\t\t\t\t<span class=\"elementor-button-content-wrapper\">\n\t\t\t\t\t\t<span class=\"elementor-button-icon elementor-align-icon-right\">\n\t\t\t\t<svg aria-hidden=\"true\" class=\"e-font-icon-svg e-fas-long-arrow-alt-down\" viewBox=\"0 0 256 512\" xmlns=\"http:\/\/www.w3.org\/2000\/svg\"><path d=\"M168 345.941V44c0-6.627-5.373-12-12-12h-56c-6.627 0-12 5.373-12 12v301.941H41.941c-21.382 0-32.09 25.851-16.971 40.971l86.059 86.059c9.373 9.373 24.569 9.373 33.941 0l86.059-86.059c15.119-15.119 4.411-40.971-16.971-40.971H168z\"><\/path><\/svg>\t\t\t<\/span>\n\t\t\t\t\t\t\t\t\t<span class=\"elementor-button-text\">Contactez-nous d\u00e8s maintenant !<\/span>\n\t\t\t\t\t<\/span>\n\t\t\t\t\t<\/a>\n\t\t<\/div>\n\t\t\t\t<\/div>\n\t\t\t\t<\/div>\n\t\t\t\t\t<\/div>\n\t\t<\/div>\n\t\t\t\t\t<\/div>\n\t\t<\/section>\n\t\t<div class=\"elementor-element elementor-element-HRqY2IKb   e-flex e-con-boxed e-con e-parent\" data-id=\"HRqY2IKb\" data-element_type=\"container\">\n\t\t\t\t\t<div class=\"e-con-inner\">\n\t\t<div class=\"elementor-element elementor-element-fGivtBIf e-con-full   e-flex e-con e-child\" data-id=\"fGivtBIf\" data-element_type=\"container\" data-settings=\"{&quot;background_background&quot;:&quot;classic&quot;}\">\n\t\t\t\t<div class=\"elementor-element elementor-element-202f359 elementor-invisible elementor-widget elementor-widget-heading\" data-id=\"202f359\" data-element_type=\"widget\" data-settings=\"{&quot;_animation&quot;:&quot;fadeIn&quot;}\" data-widget_type=\"heading.default\">\n\t\t\t\t<div class=\"elementor-widget-container\">\n\t\t\t<h2 class=\"elementor-heading-title elementor-size-default\">Vue d'ensemble<\/h2>\t\t<\/div>\n\t\t\t\t<\/div>\n\t\t\t\t<div class=\"elementor-element elementor-element-ycsYhwSs elementor-invisible elementor-widget elementor-widget-text-editor\" data-id=\"ycsYhwSs\" data-element_type=\"widget\" data-settings=\"{&quot;_animation&quot;:&quot;fadeIn&quot;}\" data-widget_type=\"text-editor.default\">\n\t\t\t\t<div class=\"elementor-widget-container\">\n\t\t\t\t\t\t\t<p>Chez BBC Entreprise, nous comprenons que la navigation dans le paysage num\u00e9rique peut \u00eatre complexe. Nos services d&rsquo;\u00e9valuation num\u00e9rique sont con\u00e7us pour vous fournir une compr\u00e9hension compl\u00e8te de votre environnement num\u00e9rique actuel, identifier les domaines \u00e0 am\u00e9liorer et ouvrir la voie \u00e0 une plus grande maturit\u00e9 num\u00e9rique.<\/p>\n\t\t\t\t\t\t<\/div>\n\t\t\t\t<\/div>\n\t\t\t\t<\/div>\n\t\t<div class=\"elementor-element elementor-element-078c381 e-con-full   e-flex e-con e-child\" data-id=\"078c381\" data-element_type=\"container\" data-settings=\"{&quot;background_background&quot;:&quot;classic&quot;}\">\n\t\t\t\t<div class=\"elementor-element elementor-element-rsG6PA8P elementor-invisible elementor-widget elementor-widget-text-editor\" data-id=\"rsG6PA8P\" data-element_type=\"widget\" data-settings=\"{&quot;_animation&quot;:&quot;fadeIn&quot;}\" data-widget_type=\"text-editor.default\">\n\t\t\t\t<div class=\"elementor-widget-container\">\n\t\t\t\t\t\t\t<p>Nous aidons les principaux fournisseurs de services informatiques et les sp\u00e9cialistes de la transformation num\u00e9rique \u00e0 \u00e9laborer leur strat\u00e9gie num\u00e9rique et \u00e0 d\u00e9velopper leur activit\u00e9 en identifiant et en hi\u00e9rarchisant les domaines de croissance, en mettant en place l&rsquo;organisation et le mod\u00e8le d&rsquo;exploitation et en transformant leurs capacit\u00e9s commerciales et d&rsquo;ex\u00e9cution.<\/p>\n\t\t\t\t\t\t<\/div>\n\t\t\t\t<\/div>\n\t\t\t\t<\/div>\n\t\t\t\t\t<\/div>\n\t\t\t\t<\/div>\n\t\t<div class=\"elementor-element elementor-element-37f4d93 e-flex e-con-boxed e-con e-child\" data-id=\"37f4d93\" data-element_type=\"container\" data-settings=\"{&quot;background_background&quot;:&quot;classic&quot;}\">\n\t\t\t\t\t<div class=\"e-con-inner\">\n\t\t\t\t<div class=\"elementor-element elementor-element-e2d7992 elementor-invisible elementor-widget elementor-widget-heading\" data-id=\"e2d7992\" data-element_type=\"widget\" data-settings=\"{&quot;_animation&quot;:&quot;fadeIn&quot;}\" data-widget_type=\"heading.default\">\n\t\t\t\t<div class=\"elementor-widget-container\">\n\t\t\t<h2 class=\"elementor-heading-title elementor-size-default\">Notre approche<\/h2>\t\t<\/div>\n\t\t\t\t<\/div>\n\t\t<div class=\"elementor-element elementor-element-4e3e813 e-con-full e-flex e-con e-child\" data-id=\"4e3e813\" data-element_type=\"container\">\n\t\t\t\t<div class=\"elementor-element elementor-element-047c5f5 elementor-invisible elementor-widget elementor-widget-text-editor\" data-id=\"047c5f5\" data-element_type=\"widget\" data-settings=\"{&quot;_animation&quot;:&quot;fadeIn&quot;}\" data-widget_type=\"text-editor.default\">\n\t\t\t\t<div class=\"elementor-widget-container\">\n\t\t\t\t\t\t\t<p>Nous utilisons une approche en 5 phases.<\/p>\n\t\t\t\t\t\t<\/div>\n\t\t\t\t<\/div>\n\t\t\t\t<\/div>\n\t\t\t\t\t<\/div>\n\t\t\t\t<\/div>\n\t\t<div class=\"elementor-element elementor-element-aee83a0 e-flex e-con-boxed e-con e-parent\" data-id=\"aee83a0\" data-element_type=\"container\">\n\t\t\t\t\t<div class=\"e-con-inner\">\n\t\t\t\t<div class=\"elementor-element elementor-element-db1cdd6 elementor-widget__width-initial elementor-widget elementor-widget-image\" data-id=\"db1cdd6\" data-element_type=\"widget\" data-widget_type=\"image.default\">\n\t\t\t\t<div class=\"elementor-widget-container\">\n\t\t\t\t\t\t\t\t\t\t\t\t\t<img fetchpriority=\"high\" decoding=\"async\" width=\"1300\" height=\"900\" src=\"https:\/\/bbcentreprise.com\/wp-content\/uploads\/2024\/05\/i.-Carry-out-a-Business-Case-for-Change-3.png\" class=\"attachment-full size-full wp-image-5549\" alt=\"\" srcset=\"https:\/\/bbcentreprise.com\/wp-content\/uploads\/2024\/05\/i.-Carry-out-a-Business-Case-for-Change-3.png 1300w, https:\/\/bbcentreprise.com\/wp-content\/uploads\/2024\/05\/i.-Carry-out-a-Business-Case-for-Change-3-300x208.png 300w, https:\/\/bbcentreprise.com\/wp-content\/uploads\/2024\/05\/i.-Carry-out-a-Business-Case-for-Change-3-1024x709.png 1024w, https:\/\/bbcentreprise.com\/wp-content\/uploads\/2024\/05\/i.-Carry-out-a-Business-Case-for-Change-3-768x532.png 768w, https:\/\/bbcentreprise.com\/wp-content\/uploads\/2024\/05\/i.-Carry-out-a-Business-Case-for-Change-3-600x415.png 600w\" sizes=\"(max-width: 1300px) 100vw, 1300px\" \/>\t\t\t\t\t\t\t\t\t\t\t\t\t<\/div>\n\t\t\t\t<\/div>\n\t\t\t\t\t<\/div>\n\t\t\t\t<\/div>\n\t\t<div class=\"elementor-element elementor-element-892994a e-flex e-con-boxed e-con e-child\" data-id=\"892994a\" data-element_type=\"container\" data-settings=\"{&quot;background_background&quot;:&quot;classic&quot;}\">\n\t\t\t\t\t<div class=\"e-con-inner\">\n\t\t\t\t<div class=\"elementor-element elementor-element-9023ea0 elementor-invisible elementor-widget elementor-widget-heading\" data-id=\"9023ea0\" data-element_type=\"widget\" data-settings=\"{&quot;_animation&quot;:&quot;fadeIn&quot;}\" data-widget_type=\"heading.default\">\n\t\t\t\t<div class=\"elementor-widget-container\">\n\t\t\t<h2 class=\"elementor-heading-title elementor-size-default\">Nos principales caract\u00e9ristiques<\/h2>\t\t<\/div>\n\t\t\t\t<\/div>\n\t\t<div class=\"elementor-element elementor-element-74a43ad e-con-full e-flex e-con e-child\" data-id=\"74a43ad\" data-element_type=\"container\">\n\t\t\t\t<div class=\"elementor-element elementor-element-172003f elementor-invisible elementor-widget elementor-widget-text-editor\" data-id=\"172003f\" data-element_type=\"widget\" data-settings=\"{&quot;_animation&quot;:&quot;fadeIn&quot;}\" data-widget_type=\"text-editor.default\">\n\t\t\t\t<div class=\"elementor-widget-container\">\n\t\t\t\t\t\t\t<p>D\u00e9couvrez nos principales caract\u00e9ristiques qui nous ont permis de devenir les meilleurs !<\/p>\n\t\t\t\t\t\t<\/div>\n\t\t\t\t<\/div>\n\t\t\t\t<\/div>\n\t\t\t\t\t<\/div>\n\t\t\t\t<\/div>\n\t\t<div class=\"elementor-element elementor-element-ef11afb e-flex e-con-boxed e-con e-parent\" data-id=\"ef11afb\" data-element_type=\"container\">\n\t\t\t\t\t<div class=\"e-con-inner\">\n\t\t<div class=\"elementor-element elementor-element-b95e863 e-con-full e-flex e-con e-child\" data-id=\"b95e863\" data-element_type=\"container\" data-settings=\"{&quot;background_background&quot;:&quot;classic&quot;}\">\n\t\t\t\t<div class=\"elementor-element elementor-element-f56f3d4 elementor-widget elementor-widget-heading\" data-id=\"f56f3d4\" data-element_type=\"widget\" data-widget_type=\"heading.default\">\n\t\t\t\t<div class=\"elementor-widget-container\">\n\t\t\t<h3 class=\"elementor-heading-title elementor-size-default\"><a href=\"https:\/\/bbcentreprise.com\/fr\/evaluation-numerique\/\">\u00c9valuation num\u00e9rique<\/a><\/h3>\t\t<\/div>\n\t\t\t\t<\/div>\n\t\t\t\t<div class=\"elementor-element elementor-element-f93d5d6 elementor-invisible elementor-widget elementor-widget-text-editor\" data-id=\"f93d5d6\" data-element_type=\"widget\" data-settings=\"{&quot;_animation&quot;:&quot;fadeIn&quot;}\" data-widget_type=\"text-editor.default\">\n\t\t\t\t<div class=\"elementor-widget-container\">\n\t\t\t\t\t\t\t<p>Notre audit technologique comprend un examen d\u00e9taill\u00e9 de votre infrastructure technologique existante. Nous \u00e9valuons l&rsquo;efficacit\u00e9, la s\u00e9curit\u00e9 et l&rsquo;\u00e9volutivit\u00e9 de vos syst\u00e8mes afin d&rsquo;identifier les points \u00e0 am\u00e9liorer.<\/p>\n\t\t\t\t\t\t<\/div>\n\t\t\t\t<\/div>\n\t\t\t\t<\/div>\n\t\t<div class=\"elementor-element elementor-element-e31489d e-con-full e-flex e-con e-child\" data-id=\"e31489d\" data-element_type=\"container\" data-settings=\"{&quot;background_background&quot;:&quot;classic&quot;}\">\n\t\t\t\t<div class=\"elementor-element elementor-element-3974ce7 elementor-widget elementor-widget-heading\" data-id=\"3974ce7\" data-element_type=\"widget\" data-widget_type=\"heading.default\">\n\t\t\t\t<div class=\"elementor-widget-container\">\n\t\t\t<h3 class=\"elementor-heading-title elementor-size-default\">Analyse de la capacit\u00e9 num\u00e9rique\n<\/h3>\t\t<\/div>\n\t\t\t\t<\/div>\n\t\t\t\t<div class=\"elementor-element elementor-element-53d32f1 elementor-invisible elementor-widget elementor-widget-text-editor\" data-id=\"53d32f1\" data-element_type=\"widget\" data-settings=\"{&quot;_animation&quot;:&quot;fadeIn&quot;}\" data-widget_type=\"text-editor.default\">\n\t\t\t\t<div class=\"elementor-widget-container\">\n\t\t\t\t\t\t\t<p>Il est essentiel de comprendre les capacit\u00e9s num\u00e9riques de votre organisation. Nous \u00e9valuons les comp\u00e9tences de votre \u00e9quipe, l&rsquo;efficacit\u00e9 de vos outils num\u00e9riques et votre \u00e9tat de pr\u00e9paration g\u00e9n\u00e9ral \u00e0 la transformation num\u00e9rique.<\/p>\n\t\t\t\t\t\t<\/div>\n\t\t\t\t<\/div>\n\t\t\t\t<\/div>\n\t\t<div class=\"elementor-element elementor-element-5e703ca e-con-full e-flex e-con e-child\" data-id=\"5e703ca\" data-element_type=\"container\" data-settings=\"{&quot;background_background&quot;:&quot;classic&quot;}\">\n\t\t\t\t<div class=\"elementor-element elementor-element-ef3db09 elementor-widget elementor-widget-heading\" data-id=\"ef3db09\" data-element_type=\"widget\" data-widget_type=\"heading.default\">\n\t\t\t\t<div class=\"elementor-widget-container\">\n\t\t\t<h3 class=\"elementor-heading-title elementor-size-default\">\u00c9valuation du processus<\/h3>\t\t<\/div>\n\t\t\t\t<\/div>\n\t\t\t\t<div class=\"elementor-element elementor-element-e4fe90a elementor-invisible elementor-widget elementor-widget-text-editor\" data-id=\"e4fe90a\" data-element_type=\"widget\" data-settings=\"{&quot;_animation&quot;:&quot;fadeIn&quot;}\" data-widget_type=\"text-editor.default\">\n\t\t\t\t<div class=\"elementor-widget-container\">\n\t\t\t\t\t\t\t<p>Nous analysons vos processus op\u00e9rationnels actuels afin d&rsquo;identifier les goulets d&rsquo;\u00e9tranglement et les inefficacit\u00e9s. Notre objectif est de rationaliser vos flux de travail et d&rsquo;am\u00e9liorer l&rsquo;efficacit\u00e9 op\u00e9rationnelle globale.<\/p>\n\t\t\t\t\t\t<\/div>\n\t\t\t\t<\/div>\n\t\t\t\t<\/div>\n\t\t<div class=\"elementor-element elementor-element-025cead e-con-full e-flex e-con e-child\" data-id=\"025cead\" data-element_type=\"container\" data-settings=\"{&quot;background_background&quot;:&quot;classic&quot;}\">\n\t\t\t\t<div class=\"elementor-element elementor-element-7cd64a5 elementor-widget elementor-widget-heading\" data-id=\"7cd64a5\" data-element_type=\"widget\" data-widget_type=\"heading.default\">\n\t\t\t\t<div class=\"elementor-widget-container\">\n\t\t\t<h3 class=\"elementor-heading-title elementor-size-default\">\u00c9laboration de la feuille de route\n<\/h3>\t\t<\/div>\n\t\t\t\t<\/div>\n\t\t\t\t<div class=\"elementor-element elementor-element-c7affb7 elementor-invisible elementor-widget elementor-widget-text-editor\" data-id=\"c7affb7\" data-element_type=\"widget\" data-settings=\"{&quot;_animation&quot;:&quot;fadeIn&quot;}\" data-widget_type=\"text-editor.default\">\n\t\t\t\t<div class=\"elementor-widget-container\">\n\t\t\t\t\t\t\t<p>Sur la base des r\u00e9sultats de l&rsquo;\u00e9valuation, nous travaillons avec vous pour cr\u00e9er une feuille de route pour la transformation num\u00e9rique. Cette feuille de route sert de guide, d\u00e9crivant les \u00e9tapes et les jalons n\u00e9cessaires pour atteindre vos objectifs num\u00e9riques.<\/p>\n\t\t\t\t\t\t<\/div>\n\t\t\t\t<\/div>\n\t\t\t\t<\/div>\n\t\t\t\t\t<\/div>\n\t\t\t\t<\/div>\n\t\t\t\t<section class=\"elementor-section elementor-top-section elementor-element elementor-element-09be151 elementor-section-content-middle elementor-section-stretched elementor-section-height-min-height elementor-section-items-stretch elementor-section-boxed elementor-section-height-default\" data-id=\"09be151\" data-element_type=\"section\" data-settings=\"{&quot;background_background&quot;:&quot;classic&quot;,&quot;stretch_section&quot;:&quot;section-stretched&quot;}\">\n\t\t\t\t\t\t\t<div class=\"elementor-background-overlay\"><\/div>\n\t\t\t\t\t\t\t<div class=\"elementor-container elementor-column-gap-default\">\n\t\t\t\t\t<div class=\"elementor-column elementor-col-100 elementor-top-column elementor-element elementor-element-d871e63 glass-effects\" data-id=\"d871e63\" data-element_type=\"column\">\n\t\t\t<div class=\"elementor-widget-wrap elementor-element-populated\">\n\t\t\t\t\t\t<div class=\"elementor-element elementor-element-d182000 elementor-invisible elementor-widget elementor-widget-heading\" data-id=\"d182000\" data-element_type=\"widget\" data-settings=\"{&quot;_animation&quot;:&quot;fadeIn&quot;}\" data-widget_type=\"heading.default\">\n\t\t\t\t<div class=\"elementor-widget-container\">\n\t\t\t<h5 class=\"elementor-heading-title elementor-size-medium\">De grandes choses vous attendent !<\/h5>\t\t<\/div>\n\t\t\t\t<\/div>\n\t\t\t\t<div class=\"elementor-element elementor-element-e3665fd elementor-widget-divider--view-line elementor-invisible elementor-widget elementor-widget-divider\" data-id=\"e3665fd\" data-element_type=\"widget\" data-settings=\"{&quot;_animation&quot;:&quot;fadeInUp&quot;}\" data-widget_type=\"divider.default\">\n\t\t\t\t<div class=\"elementor-widget-container\">\n\t\t\t\t\t<div class=\"elementor-divider\">\n\t\t\t<span class=\"elementor-divider-separator\">\n\t\t\t\t\t\t<\/span>\n\t\t<\/div>\n\t\t\t\t<\/div>\n\t\t\t\t<\/div>\n\t\t\t\t<div class=\"elementor-element elementor-element-02d14c6 elementor-invisible elementor-widget elementor-widget-heading\" data-id=\"02d14c6\" data-element_type=\"widget\" data-settings=\"{&quot;_animation&quot;:&quot;fadeIn&quot;}\" data-widget_type=\"heading.default\">\n\t\t\t\t<div class=\"elementor-widget-container\">\n\t\t\t<h1 class=\"elementor-heading-title elementor-size-default\">D\u00e9veloppez votre activit\u00e9 avec nous !<\/h1>\t\t<\/div>\n\t\t\t\t<\/div>\n\t\t\t\t<div class=\"elementor-element elementor-element-b69aa6a elementor-invisible elementor-widget elementor-widget-text-editor\" data-id=\"b69aa6a\" data-element_type=\"widget\" data-settings=\"{&quot;_animation&quot;:&quot;fadeIn&quot;}\" data-widget_type=\"text-editor.default\">\n\t\t\t\t<div class=\"elementor-widget-container\">\n\t\t\t\t\t\t\t<p>Nous vous aiderons \u00e0 am\u00e9liorer tous les aspects de votre entreprise gr\u00e2ce \u00e0 nos services de conseil de classe mondiale !<\/p>\n\t\t\t\t\t\t<\/div>\n\t\t\t\t<\/div>\n\t\t\t\t<div class=\"elementor-element elementor-element-ebfcdab elementor-align-left elementor-mobile-align-center elementor-invisible elementor-widget elementor-widget-button\" data-id=\"ebfcdab\" data-element_type=\"widget\" data-settings=\"{&quot;_animation&quot;:&quot;fadeInUp&quot;,&quot;_animation_delay&quot;:800}\" data-widget_type=\"button.default\">\n\t\t\t\t<div class=\"elementor-widget-container\">\n\t\t\t\t\t<div class=\"elementor-button-wrapper\">\n\t\t\t<a class=\"elementor-button elementor-button-link elementor-size-md elementor-animation-sink\" href=\"https:\/\/bbcentreprise.com\/fr\/contact\/\">\n\t\t\t\t\t\t<span class=\"elementor-button-content-wrapper\">\n\t\t\t\t\t\t<span class=\"elementor-button-icon elementor-align-icon-right\">\n\t\t\t\t<svg aria-hidden=\"true\" class=\"e-font-icon-svg e-fas-long-arrow-alt-down\" viewBox=\"0 0 256 512\" xmlns=\"http:\/\/www.w3.org\/2000\/svg\"><path d=\"M168 345.941V44c0-6.627-5.373-12-12-12h-56c-6.627 0-12 5.373-12 12v301.941H41.941c-21.382 0-32.09 25.851-16.971 40.971l86.059 86.059c9.373 9.373 24.569 9.373 33.941 0l86.059-86.059c15.119-15.119 4.411-40.971-16.971-40.971H168z\"><\/path><\/svg>\t\t\t<\/span>\n\t\t\t\t\t\t\t\t\t<span class=\"elementor-button-text\">Contactez-nous d\u00e8s maintenant !<\/span>\n\t\t\t\t\t<\/span>\n\t\t\t\t\t<\/a>\n\t\t<\/div>\n\t\t\t\t<\/div>\n\t\t\t\t<\/div>\n\t\t\t\t\t<\/div>\n\t\t<\/div>\n\t\t\t\t\t<\/div>\n\t\t<\/section>\n\t\t\t\t<\/div>\n\t\t","protected":false},"excerpt":{"rendered":"<p>\u00catre num\u00e9ris\u00e9 Strat\u00e9gies r\u00e9volutionnaires pour une croissance rapide des entreprises notre feuille de route pour r\u00e9volutionner le num\u00e9rique en Ha\u00efti et sur le march\u00e9 international. En tant que BBC Entreprise, soci\u00e9t\u00e9 de conseil de premier plan, se consacre \u00e0 en donnant aux entreprises et aux entit\u00e9s gouvernementales les moyens d&rsquo;acc\u00e9der \u00e0 des services de pointe. [&hellip;]<\/p>\n","protected":false},"author":4,"featured_media":0,"parent":0,"menu_order":0,"comment_status":"closed","ping_status":"closed","template":"elementor_header_footer","meta":{"inline_featured_image":false,"two_page_speed":[],"footnotes":""},"class_list":["post-2768","page","type-page","status-publish","hentry"],"_links":{"self":[{"href":"https:\/\/bbcentreprise.com\/fr\/wp-json\/wp\/v2\/pages\/2768","targetHints":{"allow":["GET"]}}],"collection":[{"href":"https:\/\/bbcentreprise.com\/fr\/wp-json\/wp\/v2\/pages"}],"about":[{"href":"https:\/\/bbcentreprise.com\/fr\/wp-json\/wp\/v2\/types\/page"}],"author":[{"embeddable":true,"href":"https:\/\/bbcentreprise.com\/fr\/wp-json\/wp\/v2\/users\/4"}],"replies":[{"embeddable":true,"href":"https:\/\/bbcentreprise.com\/fr\/wp-json\/wp\/v2\/comments?post=2768"}],"version-history":[{"count":0,"href":"https:\/\/bbcentreprise.com\/fr\/wp-json\/wp\/v2\/pages\/2768\/revisions"}],"wp:attachment":[{"href":"https:\/\/bbcentreprise.com\/fr\/wp-json\/wp\/v2\/media?parent=2768"}],"curies":[{"name":"wp","href":"https:\/\/api.w.org\/{rel}","templated":true}]}}