{"id":2795,"date":"2024-02-23T00:00:58","date_gmt":"2024-02-23T00:00:58","guid":{"rendered":"https:\/\/bbcentreprise.com\/strategie-de-developpement-des-technologies-de-linformation\/"},"modified":"2024-05-25T16:47:33","modified_gmt":"2024-05-25T16:47:33","slug":"strategie-de-developpement-des-technologies-de-linformation","status":"publish","type":"page","link":"https:\/\/bbcentreprise.com\/fr\/services\/strategie-de-developpement-des-technologies-de-linformation\/","title":{"rendered":"Modernisation de l&rsquo;infrastructure informatique"},"content":{"rendered":"\t\t<div data-elementor-type=\"wp-post\" data-elementor-id=\"2795\" class=\"elementor elementor-2795\">\n\t\t\t\t\t\t<section class=\"elementor-section elementor-top-section elementor-element elementor-element-67774c6 elementor-section-content-middle elementor-section-boxed elementor-section-height-default elementor-section-height-default\" data-id=\"67774c6\" data-element_type=\"section\" data-settings=\"{&quot;background_background&quot;:&quot;classic&quot;}\">\n\t\t\t\t\t\t\t<div class=\"elementor-background-overlay\"><\/div>\n\t\t\t\t\t\t\t<div class=\"elementor-container elementor-column-gap-no\">\n\t\t\t\t\t<div class=\"elementor-column elementor-col-100 elementor-top-column elementor-element elementor-element-8ef1ff6\" data-id=\"8ef1ff6\" data-element_type=\"column\">\n\t\t\t<div class=\"elementor-widget-wrap elementor-element-populated\">\n\t\t\t\t\t\t<div class=\"elementor-element elementor-element-158baff elementor-hidden-desktop elementor-hidden-tablet elementor-hidden-mobile elementor-invisible elementor-widget elementor-widget-heading\" data-id=\"158baff\" data-element_type=\"widget\" data-settings=\"{&quot;_animation&quot;:&quot;fadeIn&quot;}\" data-widget_type=\"heading.default\">\n\t\t\t\t<div class=\"elementor-widget-container\">\n\t\t\t<h5 class=\"elementor-heading-title elementor-size-medium\">Acc\u00e9l\u00e9rer votre activit\u00e9<\/h5>\t\t<\/div>\n\t\t\t\t<\/div>\n\t\t\t\t<div class=\"elementor-element elementor-element-bb36444 elementor-widget-divider--view-line elementor-invisible elementor-widget elementor-widget-divider\" data-id=\"bb36444\" data-element_type=\"widget\" data-settings=\"{&quot;_animation&quot;:&quot;fadeInUp&quot;}\" data-widget_type=\"divider.default\">\n\t\t\t\t<div class=\"elementor-widget-container\">\n\t\t\t\t\t<div class=\"elementor-divider\">\n\t\t\t<span class=\"elementor-divider-separator\">\n\t\t\t\t\t\t<\/span>\n\t\t<\/div>\n\t\t\t\t<\/div>\n\t\t\t\t<\/div>\n\t\t\t\t<div class=\"elementor-element elementor-element-251f771 elementor-invisible elementor-widget elementor-widget-heading\" data-id=\"251f771\" data-element_type=\"widget\" data-settings=\"{&quot;_animation&quot;:&quot;fadeIn&quot;}\" data-widget_type=\"heading.default\">\n\t\t\t\t<div class=\"elementor-widget-container\">\n\t\t\t<h1 class=\"elementor-heading-title elementor-size-default\">Acc\u00e9l\u00e9rez la transformation de votre entreprise  <br>avec notre expertise !<\/h1>\t\t<\/div>\n\t\t\t\t<\/div>\n\t\t\t\t<div class=\"elementor-element elementor-element-d59bd29 elementor-invisible elementor-widget elementor-widget-text-editor\" data-id=\"d59bd29\" data-element_type=\"widget\" data-settings=\"{&quot;_animation&quot;:&quot;fadeIn&quot;}\" data-widget_type=\"text-editor.default\">\n\t\t\t\t<div class=\"elementor-widget-container\">\n\t\t\t\t\t\t\t<p>Alignez votre vision et tirez parti de l&rsquo;innovation pour propulser votre entreprise dans l&rsquo;avenir gr\u00e2ce \u00e0 la transformation num\u00e9rique.<\/p>\n\t\t\t\t\t\t<\/div>\n\t\t\t\t<\/div>\n\t\t\t\t<div class=\"elementor-element elementor-element-4634bf6 elementor-widget elementor-widget-spacer\" data-id=\"4634bf6\" data-element_type=\"widget\" data-widget_type=\"spacer.default\">\n\t\t\t\t<div class=\"elementor-widget-container\">\n\t\t\t\t\t<div class=\"elementor-spacer\">\n\t\t\t<div class=\"elementor-spacer-inner\"><\/div>\n\t\t<\/div>\n\t\t\t\t<\/div>\n\t\t\t\t<\/div>\n\t\t\t\t<div class=\"elementor-element elementor-element-dba5b09 elementor-align-left elementor-mobile-align-center elementor-invisible elementor-widget elementor-widget-button\" data-id=\"dba5b09\" data-element_type=\"widget\" data-settings=\"{&quot;_animation&quot;:&quot;fadeInUp&quot;,&quot;_animation_delay&quot;:800}\" data-widget_type=\"button.default\">\n\t\t\t\t<div class=\"elementor-widget-container\">\n\t\t\t\t\t<div class=\"elementor-button-wrapper\">\n\t\t\t<a class=\"elementor-button elementor-button-link elementor-size-md elementor-animation-sink\" href=\"https:\/\/bbcentreprise.com\/fr\/contact\/\">\n\t\t\t\t\t\t<span class=\"elementor-button-content-wrapper\">\n\t\t\t\t\t\t<span class=\"elementor-button-icon elementor-align-icon-right\">\n\t\t\t\t<svg aria-hidden=\"true\" class=\"e-font-icon-svg e-fas-long-arrow-alt-down\" viewBox=\"0 0 256 512\" xmlns=\"http:\/\/www.w3.org\/2000\/svg\"><path d=\"M168 345.941V44c0-6.627-5.373-12-12-12h-56c-6.627 0-12 5.373-12 12v301.941H41.941c-21.382 0-32.09 25.851-16.971 40.971l86.059 86.059c9.373 9.373 24.569 9.373 33.941 0l86.059-86.059c15.119-15.119 4.411-40.971-16.971-40.971H168z\"><\/path><\/svg>\t\t\t<\/span>\n\t\t\t\t\t\t\t\t\t<span class=\"elementor-button-text\">Contactez-nous d\u00e8s maintenant !<\/span>\n\t\t\t\t\t<\/span>\n\t\t\t\t\t<\/a>\n\t\t<\/div>\n\t\t\t\t<\/div>\n\t\t\t\t<\/div>\n\t\t\t\t\t<\/div>\n\t\t<\/div>\n\t\t\t\t\t<\/div>\n\t\t<\/section>\n\t\t<div class=\"elementor-element elementor-element-6a7e253 e-con-full   e-flex e-con e-parent\" data-id=\"6a7e253\" data-element_type=\"container\" data-settings=\"{&quot;background_background&quot;:&quot;classic&quot;}\">\n\t\t<div class=\"elementor-element elementor-element-59e248b e-flex e-con-boxed e-con e-child\" data-id=\"59e248b\" data-element_type=\"container\">\n\t\t\t\t\t<div class=\"e-con-inner\">\n\t\t\t\t<div class=\"elementor-element elementor-element-ad444d3 elementor-invisible elementor-widget elementor-widget-heading\" data-id=\"ad444d3\" data-element_type=\"widget\" data-settings=\"{&quot;_animation&quot;:&quot;fadeIn&quot;}\" data-widget_type=\"heading.default\">\n\t\t\t\t<div class=\"elementor-widget-container\">\n\t\t\t<h2 class=\"elementor-heading-title elementor-size-default\">Notre approche\n<\/h2>\t\t<\/div>\n\t\t\t\t<\/div>\n\t\t<div class=\"elementor-element elementor-element-70f5e30 e-con-full e-flex e-con e-child\" data-id=\"70f5e30\" data-element_type=\"container\">\n\t\t\t\t<div class=\"elementor-element elementor-element-6374a57 elementor-invisible elementor-widget elementor-widget-text-editor\" data-id=\"6374a57\" data-element_type=\"widget\" data-settings=\"{&quot;_animation&quot;:&quot;fadeIn&quot;}\" data-widget_type=\"text-editor.default\">\n\t\t\t\t<div class=\"elementor-widget-container\">\n\t\t\t\t\t\t\t<p>Nous nous appuyons sur une approche unique pour y parvenir !<\/p>\n\t\t\t\t\t\t<\/div>\n\t\t\t\t<\/div>\n\t\t\t\t<\/div>\n\t\t\t\t\t<\/div>\n\t\t\t\t<\/div>\n\t\t\t\t<\/div>\n\t\t<div class=\"elementor-element elementor-element-ff4594f e-con-full   e-flex e-con e-parent\" data-id=\"ff4594f\" data-element_type=\"container\">\n\t\t<div class=\"elementor-element elementor-element-6559461   e-flex e-con-boxed e-con e-child\" data-id=\"6559461\" data-element_type=\"container\" data-settings=\"{&quot;background_background&quot;:&quot;classic&quot;}\">\n\t\t\t\t\t<div class=\"e-con-inner\">\n\t\t<div class=\"elementor-element elementor-element-63ad01e e-con-full e-flex e-con e-child\" data-id=\"63ad01e\" data-element_type=\"container\" data-settings=\"{&quot;background_background&quot;:&quot;classic&quot;}\">\n\t\t\t\t<div class=\"elementor-element elementor-element-ef526af elementor-widget elementor-widget-heading\" data-id=\"ef526af\" data-element_type=\"widget\" data-widget_type=\"heading.default\">\n\t\t\t\t<div class=\"elementor-widget-container\">\n\t\t\t<h2 class=\"elementor-heading-title elementor-size-default\">\u00c9tape 1<\/h2>\t\t<\/div>\n\t\t\t\t<\/div>\n\t\t\t\t<div class=\"elementor-element elementor-element-5fd01ba elementor-invisible elementor-widget elementor-widget-heading\" data-id=\"5fd01ba\" data-element_type=\"widget\" data-settings=\"{&quot;_animation&quot;:&quot;fadeIn&quot;}\" data-widget_type=\"heading.default\">\n\t\t\t\t<div class=\"elementor-widget-container\">\n\t\t\t<h2 class=\"elementor-heading-title elementor-size-default\">\u00c9valuation de la maturit\u00e9<\/h2>\t\t<\/div>\n\t\t\t\t<\/div>\n\t\t\t\t<div class=\"elementor-element elementor-element-da6710d elementor-invisible elementor-widget elementor-widget-text-editor\" data-id=\"da6710d\" data-element_type=\"widget\" data-settings=\"{&quot;_animation&quot;:&quot;fadeIn&quot;}\" data-widget_type=\"text-editor.default\">\n\t\t\t\t<div class=\"elementor-widget-container\">\n\t\t\t\t\t\t\tD\u00e9couvrez votre potentiel num\u00e9rique\nVotre entreprise exploite-t-elle pleinement son potentiel num\u00e9rique ? Notre \u00e9valuation de la maturit\u00e9 num\u00e9rique peut vous aider \u00e0 le d\u00e9couvrir. Nos experts \u00e9valueront vos capacit\u00e9s num\u00e9riques actuelles et identifieront les lacunes afin de vous aider \u00e0 \u00e9laborer une feuille de route pour une transformation num\u00e9rique r\u00e9ussie.\t\t\t\t\t\t<\/div>\n\t\t\t\t<\/div>\n\t\t\t\t<\/div>\n\t\t<div class=\"elementor-element elementor-element-01d7830 e-con-full e-flex e-con e-child\" data-id=\"01d7830\" data-element_type=\"container\" data-settings=\"{&quot;background_background&quot;:&quot;classic&quot;}\">\n\t\t\t\t<div class=\"elementor-element elementor-element-eae7fc6 elementor-widget elementor-widget-heading\" data-id=\"eae7fc6\" data-element_type=\"widget\" data-widget_type=\"heading.default\">\n\t\t\t\t<div class=\"elementor-widget-container\">\n\t\t\t<h2 class=\"elementor-heading-title elementor-size-default\">\u00c9tape 2<\/h2>\t\t<\/div>\n\t\t\t\t<\/div>\n\t\t\t\t<div class=\"elementor-element elementor-element-2bf1cf8 elementor-invisible elementor-widget elementor-widget-heading\" data-id=\"2bf1cf8\" data-element_type=\"widget\" data-settings=\"{&quot;_animation&quot;:&quot;fadeIn&quot;}\" data-widget_type=\"heading.default\">\n\t\t\t\t<div class=\"elementor-widget-container\">\n\t\t\t<h2 class=\"elementor-heading-title elementor-size-default\">  Feuille de route : Embarquez pour un voyage num\u00e9rique\n<\/h2>\t\t<\/div>\n\t\t\t\t<\/div>\n\t\t\t\t<div class=\"elementor-element elementor-element-4004350 elementor-invisible elementor-widget elementor-widget-text-editor\" data-id=\"4004350\" data-element_type=\"widget\" data-settings=\"{&quot;_animation&quot;:&quot;fadeIn&quot;}\" data-widget_type=\"text-editor.default\">\n\t\t\t\t<div class=\"elementor-widget-container\">\n\t\t\t\t\t\t\t<p>Lib\u00e9rez la puissance de la transformation num\u00e9rique gr\u00e2ce \u00e0 nos services d&rsquo;\u00e9laboration de feuilles de route. Ensemble, nous cr\u00e9erons un plan strat\u00e9gique qui guidera votre organisation vers le succ\u00e8s \u00e0 l&rsquo;\u00e8re num\u00e9rique.<\/p>\n\t\t\t\t\t\t<\/div>\n\t\t\t\t<\/div>\n\t\t\t\t<\/div>\n\t\t<div class=\"elementor-element elementor-element-338eb0b e-con-full e-flex e-con e-child\" data-id=\"338eb0b\" data-element_type=\"container\" data-settings=\"{&quot;background_background&quot;:&quot;classic&quot;}\">\n\t\t\t\t<div class=\"elementor-element elementor-element-f473ad0 elementor-widget elementor-widget-heading\" data-id=\"f473ad0\" data-element_type=\"widget\" data-widget_type=\"heading.default\">\n\t\t\t\t<div class=\"elementor-widget-container\">\n\t\t\t<h2 class=\"elementor-heading-title elementor-size-default\">\u00c9tape 3<\/h2>\t\t<\/div>\n\t\t\t\t<\/div>\n\t\t\t\t<div class=\"elementor-element elementor-element-eb25ba5 elementor-invisible elementor-widget elementor-widget-heading\" data-id=\"eb25ba5\" data-element_type=\"widget\" data-settings=\"{&quot;_animation&quot;:&quot;fadeIn&quot;}\" data-widget_type=\"heading.default\">\n\t\t\t\t<div class=\"elementor-widget-container\">\n\t\t\t<h2 class=\"elementor-heading-title elementor-size-default\">\u00c9tude de march\u00e9<\/h2>\t\t<\/div>\n\t\t\t\t<\/div>\n\t\t\t\t<div class=\"elementor-element elementor-element-811f0b3 elementor-invisible elementor-widget elementor-widget-text-editor\" data-id=\"811f0b3\" data-element_type=\"widget\" data-settings=\"{&quot;_animation&quot;:&quot;fadeIn&quot;}\" data-widget_type=\"text-editor.default\">\n\t\t\t\t<div class=\"elementor-widget-container\">\n\t\t\t\t\t\t\t  Lib\u00e9rez votre avantage concurrentiel\nD\u00e9couvrez les secrets de la r\u00e9ussite en \u00e9tudiant en profondeur les concurrents du march\u00e9 et les tendances du secteur. Notre analyse concurrentielle compl\u00e8te permettra \u00e0 votre entreprise de garder une longueur d&rsquo;avance et de prendre des d\u00e9cisions strat\u00e9giques en connaissance de cause.\t\t\t\t\t\t<\/div>\n\t\t\t\t<\/div>\n\t\t\t\t<\/div>\n\t\t<div class=\"elementor-element elementor-element-1e29a4e e-con-full e-flex e-con e-child\" data-id=\"1e29a4e\" data-element_type=\"container\" data-settings=\"{&quot;background_background&quot;:&quot;classic&quot;}\">\n\t\t\t\t<div class=\"elementor-element elementor-element-59dcb58 elementor-widget elementor-widget-heading\" data-id=\"59dcb58\" data-element_type=\"widget\" data-widget_type=\"heading.default\">\n\t\t\t\t<div class=\"elementor-widget-container\">\n\t\t\t<h2 class=\"elementor-heading-title elementor-size-default\">\u00c9tape 4<\/h2>\t\t<\/div>\n\t\t\t\t<\/div>\n\t\t\t\t<div class=\"elementor-element elementor-element-c2fb330 elementor-invisible elementor-widget elementor-widget-heading\" data-id=\"c2fb330\" data-element_type=\"widget\" data-settings=\"{&quot;_animation&quot;:&quot;fadeIn&quot;}\" data-widget_type=\"heading.default\">\n\t\t\t\t<div class=\"elementor-widget-container\">\n\t\t\t<h2 class=\"elementor-heading-title elementor-size-default\">Trouvez le bon outil technologique pour votre entreprise<\/h2>\t\t<\/div>\n\t\t\t\t<\/div>\n\t\t\t\t<div class=\"elementor-element elementor-element-88fc302 elementor-invisible elementor-widget elementor-widget-text-editor\" data-id=\"88fc302\" data-element_type=\"widget\" data-settings=\"{&quot;_animation&quot;:&quot;fadeIn&quot;}\" data-widget_type=\"text-editor.default\">\n\t\t\t\t<div class=\"elementor-widget-container\">\n\t\t\t\t\t\t\t<p>Ne laissez pas la technologie freiner votre activit\u00e9. Laissez nos experts vous guider vers les bonnes solutions qui r\u00e9pondent \u00e0 vos besoins uniques.<br \/>Nous travaillerons avec vous pour comprendre vos objectifs commerciaux et identifier les meilleures technologies pour vous aider \u00e0 les atteindre. Qu&rsquo;il s&rsquo;agisse de rationaliser les op\u00e9rations, d&rsquo;am\u00e9liorer l&rsquo;exp\u00e9rience client ou de stimuler la productivit\u00e9, nous sommes l\u00e0 pour vous aider.<\/p>\n<p><span style=\"font-size: 17.6px; letter-spacing: 0.8px;\"> <\/span><\/p>\n<p><span style=\"font-size: 17.6px; letter-spacing: 0.8px;\">Nos recommandations technologiques personnalis\u00e9es \u00e9liminent toute incertitude, afin que vous puissiez vous concentrer sur ce que vous faites le mieux : g\u00e9rer votre entreprise. Contactez-nous d\u00e8s aujourd&rsquo;hui pour commencer.<\/span><\/p>\n\t\t\t\t\t\t<\/div>\n\t\t\t\t<\/div>\n\t\t\t\t<\/div>\n\t\t<div class=\"elementor-element elementor-element-c564038 e-con-full e-flex e-con e-child\" data-id=\"c564038\" data-element_type=\"container\" data-settings=\"{&quot;background_background&quot;:&quot;classic&quot;}\">\n\t\t\t\t<div class=\"elementor-element elementor-element-2720501 elementor-widget elementor-widget-heading\" data-id=\"2720501\" data-element_type=\"widget\" data-widget_type=\"heading.default\">\n\t\t\t\t<div class=\"elementor-widget-container\">\n\t\t\t<h2 class=\"elementor-heading-title elementor-size-default\">\u00c9tape 5<\/h2>\t\t<\/div>\n\t\t\t\t<\/div>\n\t\t\t\t<div class=\"elementor-element elementor-element-e09d3af elementor-invisible elementor-widget elementor-widget-heading\" data-id=\"e09d3af\" data-element_type=\"widget\" data-settings=\"{&quot;_animation&quot;:&quot;fadeIn&quot;}\" data-widget_type=\"heading.default\">\n\t\t\t\t<div class=\"elementor-widget-container\">\n\t\t\t<h2 class=\"elementor-heading-title elementor-size-default\">Gestion du changement : Naviguer en douceur \u00e0 travers le changement\n<\/h2>\t\t<\/div>\n\t\t\t\t<\/div>\n\t\t\t\t<div class=\"elementor-element elementor-element-5352f72 elementor-invisible elementor-widget elementor-widget-text-editor\" data-id=\"5352f72\" data-element_type=\"widget\" data-settings=\"{&quot;_animation&quot;:&quot;fadeIn&quot;}\" data-widget_type=\"text-editor.default\">\n\t\t\t\t<div class=\"elementor-widget-container\">\n\t\t\t\t\t\t\t<p>Acceptez le changement en toute confiance et veillez \u00e0 ce que votre \u00e9quipe s&rsquo;adapte sans heurts. Nos experts en gestion du changement sont l\u00e0 pour vous guider \u00e0 chaque \u00e9tape.<\/p>\n<\/p>\n<p>Nous comprenons que le changement peut \u00eatre un d\u00e9fi, mais gr\u00e2ce \u00e0 nos strat\u00e9gies \u00e9prouv\u00e9es et \u00e0 notre approche personnalis\u00e9e, nous vous aiderons \u00e0 naviguer \u00e0 travers n&rsquo;importe quelle transformation organisationnelle. De la gestion de l&rsquo;adoption par les employ\u00e9s \u00e0 la promotion d&rsquo;une culture positive, nous avons tout ce qu&rsquo;il vous faut.<\/p>\n<\/p>\n<p>Avec notre soutien, vous pouvez transformer le changement en une opportunit\u00e9 de croissance et de r\u00e9ussite. Contactez-nous d\u00e8s aujourd&rsquo;hui pour entamer votre voyage de transformation.<\/p>\n\t\t\t\t\t\t<\/div>\n\t\t\t\t<\/div>\n\t\t\t\t<\/div>\n\t\t\t\t\t<\/div>\n\t\t\t\t<\/div>\n\t\t\t\t<\/div>\n\t\t<div class=\"elementor-element elementor-element-d035922 e-flex e-con-boxed e-con e-child\" data-id=\"d035922\" data-element_type=\"container\">\n\t\t\t\t\t<div class=\"e-con-inner\">\n\t\t\t\t<div class=\"elementor-element elementor-element-c5b10ee elementor-invisible elementor-widget elementor-widget-heading\" data-id=\"c5b10ee\" data-element_type=\"widget\" data-settings=\"{&quot;_animation&quot;:&quot;fadeIn&quot;}\" data-widget_type=\"heading.default\">\n\t\t\t\t<div class=\"elementor-widget-container\">\n\t\t\t<h2 class=\"elementor-heading-title elementor-size-default\">Modernisation de l'infrastructure informatique<\/h2>\t\t<\/div>\n\t\t\t\t<\/div>\n\t\t<div class=\"elementor-element elementor-element-51bbba8 e-con-full e-flex e-con e-child\" data-id=\"51bbba8\" data-element_type=\"container\">\n\t\t\t\t<div class=\"elementor-element elementor-element-cdf2fcb elementor-invisible elementor-widget elementor-widget-text-editor\" data-id=\"cdf2fcb\" data-element_type=\"widget\" data-settings=\"{&quot;_animation&quot;:&quot;fadeIn&quot;}\" data-widget_type=\"text-editor.default\">\n\t\t\t\t<div class=\"elementor-widget-container\">\n\t\t\t\t\t\t\t<p>Nous vous aidons \u00e0 moderniser vos infrastructures informatiques<\/p>\n\t\t\t\t\t\t<\/div>\n\t\t\t\t<\/div>\n\t\t\t\t<\/div>\n\t\t\t\t\t<\/div>\n\t\t\t\t<\/div>\n\t\t<div class=\"elementor-element elementor-element-d8d43bc e-flex e-con-boxed e-con e-parent\" data-id=\"d8d43bc\" data-element_type=\"container\">\n\t\t\t\t\t<div class=\"e-con-inner\">\n\t\t\t\t<div class=\"elementor-element elementor-element-6fd9b68 elementor-widget elementor-widget-image\" data-id=\"6fd9b68\" data-element_type=\"widget\" data-widget_type=\"image.default\">\n\t\t\t\t<div class=\"elementor-widget-container\">\n\t\t\t\t\t\t\t\t\t\t\t\t\t<img fetchpriority=\"high\" decoding=\"async\" width=\"1300\" height=\"500\" src=\"https:\/\/bbcentreprise.com\/wp-content\/uploads\/2024\/05\/Add-a-heading-4.png\" class=\"attachment-full size-full wp-image-5507\" alt=\"\" srcset=\"https:\/\/bbcentreprise.com\/wp-content\/uploads\/2024\/05\/Add-a-heading-4.png 1300w, https:\/\/bbcentreprise.com\/wp-content\/uploads\/2024\/05\/Add-a-heading-4-300x115.png 300w, https:\/\/bbcentreprise.com\/wp-content\/uploads\/2024\/05\/Add-a-heading-4-1024x394.png 1024w, https:\/\/bbcentreprise.com\/wp-content\/uploads\/2024\/05\/Add-a-heading-4-768x295.png 768w, https:\/\/bbcentreprise.com\/wp-content\/uploads\/2024\/05\/Add-a-heading-4-600x231.png 600w\" sizes=\"(max-width: 1300px) 100vw, 1300px\" \/>\t\t\t\t\t\t\t\t\t\t\t\t\t<\/div>\n\t\t\t\t<\/div>\n\t\t\t\t\t<\/div>\n\t\t\t\t<\/div>\n\t\t\t\t<section class=\"elementor-section elementor-top-section elementor-element elementor-element-39231463 elementor-section-content-middle elementor-section-stretched elementor-section-height-min-height elementor-section-items-stretch elementor-section-boxed elementor-section-height-default\" data-id=\"39231463\" data-element_type=\"section\" data-settings=\"{&quot;background_background&quot;:&quot;classic&quot;,&quot;stretch_section&quot;:&quot;section-stretched&quot;}\">\n\t\t\t\t\t\t\t<div class=\"elementor-background-overlay\"><\/div>\n\t\t\t\t\t\t\t<div class=\"elementor-container elementor-column-gap-default\">\n\t\t\t\t\t<div class=\"elementor-column elementor-col-100 elementor-top-column elementor-element elementor-element-541590c7 glass-effects\" data-id=\"541590c7\" data-element_type=\"column\">\n\t\t\t<div class=\"elementor-widget-wrap elementor-element-populated\">\n\t\t\t\t\t\t<div class=\"elementor-element elementor-element-78796d1f elementor-invisible elementor-widget elementor-widget-heading\" data-id=\"78796d1f\" data-element_type=\"widget\" data-settings=\"{&quot;_animation&quot;:&quot;fadeIn&quot;}\" data-widget_type=\"heading.default\">\n\t\t\t\t<div class=\"elementor-widget-container\">\n\t\t\t<h5 class=\"elementor-heading-title elementor-size-medium\">De grandes choses vous attendent !<\/h5>\t\t<\/div>\n\t\t\t\t<\/div>\n\t\t\t\t<div class=\"elementor-element elementor-element-7e97ea46 elementor-widget-divider--view-line elementor-invisible elementor-widget elementor-widget-divider\" data-id=\"7e97ea46\" data-element_type=\"widget\" data-settings=\"{&quot;_animation&quot;:&quot;fadeInUp&quot;}\" data-widget_type=\"divider.default\">\n\t\t\t\t<div class=\"elementor-widget-container\">\n\t\t\t\t\t<div class=\"elementor-divider\">\n\t\t\t<span class=\"elementor-divider-separator\">\n\t\t\t\t\t\t<\/span>\n\t\t<\/div>\n\t\t\t\t<\/div>\n\t\t\t\t<\/div>\n\t\t\t\t<div class=\"elementor-element elementor-element-77a9b6bd elementor-invisible elementor-widget elementor-widget-heading\" data-id=\"77a9b6bd\" data-element_type=\"widget\" data-settings=\"{&quot;_animation&quot;:&quot;fadeIn&quot;}\" data-widget_type=\"heading.default\">\n\t\t\t\t<div class=\"elementor-widget-container\">\n\t\t\t<h1 class=\"elementor-heading-title elementor-size-default\">Cultivez votre  <br>Faites affaire avec nous !<\/h1>\t\t<\/div>\n\t\t\t\t<\/div>\n\t\t\t\t<div class=\"elementor-element elementor-element-13c68bc9 elementor-invisible elementor-widget elementor-widget-text-editor\" data-id=\"13c68bc9\" data-element_type=\"widget\" data-settings=\"{&quot;_animation&quot;:&quot;fadeIn&quot;}\" data-widget_type=\"text-editor.default\">\n\t\t\t\t<div class=\"elementor-widget-container\">\n\t\t\t\t\t\t\t<p>Nous vous aiderons \u00e0 am\u00e9liorer tous les aspects de votre entreprise gr\u00e2ce \u00e0 nos services de conseil de classe mondiale !<\/p>\n\t\t\t\t\t\t<\/div>\n\t\t\t\t<\/div>\n\t\t\t\t<div class=\"elementor-element elementor-element-7c4cef8f elementor-align-left elementor-mobile-align-center elementor-invisible elementor-widget elementor-widget-button\" data-id=\"7c4cef8f\" data-element_type=\"widget\" data-settings=\"{&quot;_animation&quot;:&quot;fadeInUp&quot;,&quot;_animation_delay&quot;:800}\" data-widget_type=\"button.default\">\n\t\t\t\t<div class=\"elementor-widget-container\">\n\t\t\t\t\t<div class=\"elementor-button-wrapper\">\n\t\t\t<a class=\"elementor-button elementor-button-link elementor-size-md elementor-animation-sink\" href=\"https:\/\/bbcentreprise.com\/fr\/contact\/\">\n\t\t\t\t\t\t<span class=\"elementor-button-content-wrapper\">\n\t\t\t\t\t\t<span class=\"elementor-button-icon elementor-align-icon-right\">\n\t\t\t\t<svg aria-hidden=\"true\" class=\"e-font-icon-svg e-fas-long-arrow-alt-down\" viewBox=\"0 0 256 512\" xmlns=\"http:\/\/www.w3.org\/2000\/svg\"><path d=\"M168 345.941V44c0-6.627-5.373-12-12-12h-56c-6.627 0-12 5.373-12 12v301.941H41.941c-21.382 0-32.09 25.851-16.971 40.971l86.059 86.059c9.373 9.373 24.569 9.373 33.941 0l86.059-86.059c15.119-15.119 4.411-40.971-16.971-40.971H168z\"><\/path><\/svg>\t\t\t<\/span>\n\t\t\t\t\t\t\t\t\t<span class=\"elementor-button-text\">Contactez-nous d\u00e8s maintenant !<\/span>\n\t\t\t\t\t<\/span>\n\t\t\t\t\t<\/a>\n\t\t<\/div>\n\t\t\t\t<\/div>\n\t\t\t\t<\/div>\n\t\t\t\t\t<\/div>\n\t\t<\/div>\n\t\t\t\t\t<\/div>\n\t\t<\/section>\n\t\t\t\t<\/div>\n\t\t","protected":false},"excerpt":{"rendered":"<p>Acc\u00e9l\u00e9rer votre activit\u00e9 Acc\u00e9l\u00e9rez la transformation de votre entreprise avec notre expertise ! Alignez votre vision et tirez parti de l&rsquo;innovation pour propulser votre entreprise dans l&rsquo;avenir gr\u00e2ce \u00e0 la transformation num\u00e9rique. Contactez-nous d\u00e8s maintenant ! Notre approche Nous nous appuyons sur une approche unique pour y parvenir ! \u00c9tape 1 \u00c9valuation de la maturit\u00e9 [&hellip;]<\/p>\n","protected":false},"author":2,"featured_media":0,"parent":3643,"menu_order":0,"comment_status":"closed","ping_status":"closed","template":"","meta":{"inline_featured_image":false,"two_page_speed":[],"footnotes":""},"class_list":["post-2795","page","type-page","status-publish","hentry"],"_links":{"self":[{"href":"https:\/\/bbcentreprise.com\/fr\/wp-json\/wp\/v2\/pages\/2795","targetHints":{"allow":["GET"]}}],"collection":[{"href":"https:\/\/bbcentreprise.com\/fr\/wp-json\/wp\/v2\/pages"}],"about":[{"href":"https:\/\/bbcentreprise.com\/fr\/wp-json\/wp\/v2\/types\/page"}],"author":[{"embeddable":true,"href":"https:\/\/bbcentreprise.com\/fr\/wp-json\/wp\/v2\/users\/2"}],"replies":[{"embeddable":true,"href":"https:\/\/bbcentreprise.com\/fr\/wp-json\/wp\/v2\/comments?post=2795"}],"version-history":[{"count":0,"href":"https:\/\/bbcentreprise.com\/fr\/wp-json\/wp\/v2\/pages\/2795\/revisions"}],"up":[{"embeddable":true,"href":"https:\/\/bbcentreprise.com\/fr\/wp-json\/wp\/v2\/pages\/3643"}],"wp:attachment":[{"href":"https:\/\/bbcentreprise.com\/fr\/wp-json\/wp\/v2\/media?parent=2795"}],"curies":[{"name":"wp","href":"https:\/\/api.w.org\/{rel}","templated":true}]}}