{"id":4852,"date":"2024-05-18T19:40:58","date_gmt":"2024-05-18T19:40:58","guid":{"rendered":"https:\/\/bbcentreprise.com\/transformation-numerique-pour-le-gouvernement\/"},"modified":"2024-05-25T04:31:54","modified_gmt":"2024-05-25T04:31:54","slug":"transformation-numerique-pour-le-gouvernement","status":"publish","type":"page","link":"https:\/\/bbcentreprise.com\/fr\/transformation-numerique-pour-le-gouvernement\/","title":{"rendered":"Transformation num\u00e9rique pour le gouvernement"},"content":{"rendered":"\t\t<div data-elementor-type=\"wp-page\" data-elementor-id=\"4852\" class=\"elementor elementor-4852\">\n\t\t\t\t\t\t<section class=\"elementor-section elementor-top-section elementor-element elementor-element-d44028d elementor-section-content-middle elementor-section-boxed elementor-section-height-default elementor-section-height-default\" data-id=\"d44028d\" data-element_type=\"section\" data-settings=\"{&quot;background_background&quot;:&quot;classic&quot;}\">\n\t\t\t\t\t\t\t<div class=\"elementor-background-overlay\"><\/div>\n\t\t\t\t\t\t\t<div class=\"elementor-container elementor-column-gap-no\">\n\t\t\t\t\t<div class=\"elementor-column elementor-col-100 elementor-top-column elementor-element elementor-element-385f660\" data-id=\"385f660\" data-element_type=\"column\">\n\t\t\t<div class=\"elementor-widget-wrap elementor-element-populated\">\n\t\t\t\t\t\t<div class=\"elementor-element elementor-element-789b5f2 elementor-hidden-desktop elementor-hidden-tablet elementor-hidden-mobile elementor-invisible elementor-widget elementor-widget-heading\" data-id=\"789b5f2\" data-element_type=\"widget\" data-settings=\"{&quot;_animation&quot;:&quot;fadeIn&quot;}\" data-widget_type=\"heading.default\">\n\t\t\t\t<div class=\"elementor-widget-container\">\n\t\t\t<h5 class=\"elementor-heading-title elementor-size-medium\">Transformez votre strat\u00e9gie<\/h5>\t\t<\/div>\n\t\t\t\t<\/div>\n\t\t\t\t<div class=\"elementor-element elementor-element-f3c0b36 elementor-widget-divider--view-line elementor-invisible elementor-widget elementor-widget-divider\" data-id=\"f3c0b36\" data-element_type=\"widget\" data-settings=\"{&quot;_animation&quot;:&quot;fadeInUp&quot;}\" data-widget_type=\"divider.default\">\n\t\t\t\t<div class=\"elementor-widget-container\">\n\t\t\t\t\t<div class=\"elementor-divider\">\n\t\t\t<span class=\"elementor-divider-separator\">\n\t\t\t\t\t\t<\/span>\n\t\t<\/div>\n\t\t\t\t<\/div>\n\t\t\t\t<\/div>\n\t\t\t\t<div class=\"elementor-element elementor-element-76ea85f elementor-invisible elementor-widget elementor-widget-heading\" data-id=\"76ea85f\" data-element_type=\"widget\" data-settings=\"{&quot;_animation&quot;:&quot;fadeIn&quot;}\" data-widget_type=\"heading.default\">\n\t\t\t\t<div class=\"elementor-widget-container\">\n\t\t\t<h1 class=\"elementor-heading-title elementor-size-default\">Transformation num\u00e9rique<br>pour le gouvernement !<\/h1>\t\t<\/div>\n\t\t\t\t<\/div>\n\t\t\t\t<div class=\"elementor-element elementor-element-62c467c elementor-invisible elementor-widget elementor-widget-text-editor\" data-id=\"62c467c\" data-element_type=\"widget\" data-settings=\"{&quot;_animation&quot;:&quot;fadeIn&quot;}\" data-widget_type=\"text-editor.default\">\n\t\t\t\t<div class=\"elementor-widget-container\">\n\t\t\t\t\t\t\t<p>R\u00e9volutionner le secteur public gr\u00e2ce \u00e0 une technologie innovante.<\/p>\n\t\t\t\t\t\t<\/div>\n\t\t\t\t<\/div>\n\t\t\t\t<div class=\"elementor-element elementor-element-e5b995e elementor-widget elementor-widget-spacer\" data-id=\"e5b995e\" data-element_type=\"widget\" data-widget_type=\"spacer.default\">\n\t\t\t\t<div class=\"elementor-widget-container\">\n\t\t\t\t\t<div class=\"elementor-spacer\">\n\t\t\t<div class=\"elementor-spacer-inner\"><\/div>\n\t\t<\/div>\n\t\t\t\t<\/div>\n\t\t\t\t<\/div>\n\t\t\t\t<div class=\"elementor-element elementor-element-6551c7c elementor-align-left elementor-mobile-align-center elementor-invisible elementor-widget elementor-widget-button\" data-id=\"6551c7c\" data-element_type=\"widget\" data-settings=\"{&quot;_animation&quot;:&quot;fadeInUp&quot;,&quot;_animation_delay&quot;:800}\" data-widget_type=\"button.default\">\n\t\t\t\t<div class=\"elementor-widget-container\">\n\t\t\t\t\t<div class=\"elementor-button-wrapper\">\n\t\t\t<a class=\"elementor-button elementor-button-link elementor-size-md elementor-animation-sink\" href=\"https:\/\/bbcentreprise.com\/fr\/contact\/\">\n\t\t\t\t\t\t<span class=\"elementor-button-content-wrapper\">\n\t\t\t\t\t\t<span class=\"elementor-button-icon elementor-align-icon-right\">\n\t\t\t\t<svg aria-hidden=\"true\" class=\"e-font-icon-svg e-fas-long-arrow-alt-down\" viewBox=\"0 0 256 512\" xmlns=\"http:\/\/www.w3.org\/2000\/svg\"><path d=\"M168 345.941V44c0-6.627-5.373-12-12-12h-56c-6.627 0-12 5.373-12 12v301.941H41.941c-21.382 0-32.09 25.851-16.971 40.971l86.059 86.059c9.373 9.373 24.569 9.373 33.941 0l86.059-86.059c15.119-15.119 4.411-40.971-16.971-40.971H168z\"><\/path><\/svg>\t\t\t<\/span>\n\t\t\t\t\t\t\t\t\t<span class=\"elementor-button-text\">Contactez-nous d\u00e8s maintenant !<\/span>\n\t\t\t\t\t<\/span>\n\t\t\t\t\t<\/a>\n\t\t<\/div>\n\t\t\t\t<\/div>\n\t\t\t\t<\/div>\n\t\t\t\t\t<\/div>\n\t\t<\/div>\n\t\t\t\t\t<\/div>\n\t\t<\/section>\n\t\t<div class=\"elementor-element elementor-element-ff26948 e-flex e-con-boxed e-con e-parent\" data-id=\"ff26948\" data-element_type=\"container\" data-settings=\"{&quot;background_background&quot;:&quot;classic&quot;}\">\n\t\t\t\t\t<div class=\"e-con-inner\">\n\t\t<div class=\"elementor-element elementor-element-24f8eb3 e-con-full e-flex e-con e-child\" data-id=\"24f8eb3\" data-element_type=\"container\">\n\t\t\t\t<div class=\"elementor-element elementor-element-71b5e55 elementor-invisible elementor-widget elementor-widget-heading\" data-id=\"71b5e55\" data-element_type=\"widget\" data-settings=\"{&quot;_animation&quot;:&quot;fadeIn&quot;}\" data-widget_type=\"heading.default\">\n\t\t\t\t<div class=\"elementor-widget-container\">\n\t\t\t<h2 class=\"elementor-heading-title elementor-size-default\">Offres de services<\/h2>\t\t<\/div>\n\t\t\t\t<\/div>\n\t\t\t\t<\/div>\n\t\t\t\t\t<\/div>\n\t\t\t\t<\/div>\n\t\t<div class=\"elementor-element elementor-element-695d6c7   e-flex e-con-boxed e-con e-parent\" data-id=\"695d6c7\" data-element_type=\"container\" data-settings=\"{&quot;background_background&quot;:&quot;classic&quot;}\">\n\t\t\t\t\t<div class=\"e-con-inner\">\n\t\t\t\t<div class=\"elementor-element elementor-element-b8958d6 elementor-widget__width-initial elementor-widget-mobile__width-inherit   elementor-widget-tablet__width-inherit elementor-widget elementor-widget-image-box\" data-id=\"b8958d6\" data-element_type=\"widget\" data-widget_type=\"image-box.default\">\n\t\t\t\t<div class=\"elementor-widget-container\">\n\t\t\t<div class=\"elementor-image-box-wrapper\"><div class=\"elementor-image-box-content\"><h3 class=\"elementor-image-box-title\">Services d'administration en ligne<\/h3><p class=\"elementor-image-box-description\">Chez BBC Entreprise, nous nous consacrons \u00e0 la num\u00e9risation des services publics afin de renforcer l'efficacit\u00e9 et d'am\u00e9liorer l'exp\u00e9rience globale des citoyens. Gr\u00e2ce \u00e0 la puissance de la technologie, nous visons \u00e0 rationaliser les processus, \u00e0 r\u00e9duire la paperasserie et \u00e0 fournir un acc\u00e8s plus rapide aux services essentiels.\n<br>\n<br>\n\n\nNos solutions compl\u00e8tes d'administration en ligne comprennent une large gamme de services, notamment des formulaires en ligne, des paiements num\u00e9riques et une gestion s\u00e9curis\u00e9e des donn\u00e9es. En passant des m\u00e9thodes traditionnelles aux plateformes num\u00e9riques, nous permettons aux gouvernements de fournir des services de mani\u00e8re transparente et pratique, \u00e0 tout moment et en tout lieu.\n<br>\n<br>\nGr\u00e2ce \u00e0 notre expertise en mati\u00e8re de transformation num\u00e9rique, nous collaborons \u00e9troitement avec les agences gouvernementales pour identifier les points de douleur, concevoir des interfaces conviviales et mettre en \u0153uvre des syst\u00e8mes robustes qui r\u00e9pondent aux besoins uniques de chaque organisation. Notre objectif est de responsabiliser les citoyens, de simplifier les processus administratifs et de cr\u00e9er un gouvernement plus transparent et plus efficace.<\/p><\/div><\/div>\t\t<\/div>\n\t\t\t\t<\/div>\n\t\t\t\t<div class=\"elementor-element elementor-element-bf0940d elementor-widget__width-initial elementor-widget-mobile__width-inherit   elementor-widget-tablet__width-inherit elementor-widget elementor-widget-image-box\" data-id=\"bf0940d\" data-element_type=\"widget\" data-widget_type=\"image-box.default\">\n\t\t\t\t<div class=\"elementor-widget-container\">\n\t\t\t<div class=\"elementor-image-box-wrapper\"><div class=\"elementor-image-box-content\"><h3 class=\"elementor-image-box-title\">R\u00e9volutionner les services publics  <\/h3><p class=\"elementor-image-box-description\">\u00c0 BBC Entreprise, nous avons pour mission de transformer la prestation des services publics en Ha\u00efti, en utilisant des technologies et des innovations de pointe. Nos plateformes num\u00e9riques permettent aux citoyens d'acc\u00e9der aux services essentiels de mani\u00e8re pratique, \u00e0 tout moment et de n'importe o\u00f9, tout en rationalisant les processus administratifs et en r\u00e9duisant la paperasserie.\n<br>\n<br>\nNotre gamme compl\u00e8te de solutions num\u00e9riques comprend des formulaires en ligne, une gestion s\u00e9curis\u00e9e des donn\u00e9es et des syst\u00e8mes de paiement rapides et efficaces, tous con\u00e7us en tenant compte de l'exp\u00e9rience de l'utilisateur. Nous collaborons \u00e9troitement avec les agences gouvernementales pour identifier les points faibles, concevoir des interfaces conviviales et mettre en \u0153uvre des syst\u00e8mes robustes qui r\u00e9pondent aux besoins uniques de chaque organisation.\n<br>\n<br>\nGr\u00e2ce \u00e0 notre expertise en mati\u00e8re de transformation num\u00e9rique et \u00e0 notre compr\u00e9hension approfondie des d\u00e9fis propres \u00e0 Ha\u00efti, nous sommes bien plac\u00e9s pour aider le gouvernement \u00e0 fournir des services publics de meilleure qualit\u00e9, plus transparents et plus efficaces. Rejoignez-nous pour r\u00e9volutionner la prestation des services publics en Ha\u00efti d\u00e8s aujourd'hui !<\/p><\/div><\/div>\t\t<\/div>\n\t\t\t\t<\/div>\n\t\t\t\t\t<\/div>\n\t\t\t\t<\/div>\n\t\t<div class=\"elementor-element elementor-element-6b3aedb   e-flex e-con-boxed e-con e-parent\" data-id=\"6b3aedb\" data-element_type=\"container\" data-settings=\"{&quot;background_background&quot;:&quot;classic&quot;}\">\n\t\t\t\t\t<div class=\"e-con-inner\">\n\t\t\t\t<div class=\"elementor-element elementor-element-bbeed9f elementor-widget__width-initial elementor-widget-mobile__width-inherit   elementor-widget-tablet__width-inherit elementor-widget elementor-widget-image-box\" data-id=\"bbeed9f\" data-element_type=\"widget\" data-widget_type=\"image-box.default\">\n\t\t\t\t<div class=\"elementor-widget-container\">\n\t\t\t<div class=\"elementor-image-box-wrapper\"><div class=\"elementor-image-box-content\"><h3 class=\"elementor-image-box-title\">Plateformes d'engagement des citoyens<\/h3><p class=\"elementor-image-box-description\">\nNous croyons fermement \u00e0 l'am\u00e9lioration de la communication entre les gouvernements et les citoyens. Nos plateformes d'engagement des citoyens sont con\u00e7ues pour combler le foss\u00e9 et favoriser des interactions significatives.  \n\n<br>\n<br>\n\nGr\u00e2ce \u00e0 nos plateformes, les citoyens peuvent facilement acc\u00e9der \u00e0 l'information, exprimer leurs opinions et contribuer aux processus d\u00e9cisionnels qui fa\u00e7onnent leurs communaut\u00e9s. Nous proposons des interfaces conviviales et des fonctions intuitives qui permettent aux individus de participer activement aux politiques publiques.\n\n<br>\n<br>\n\nEn am\u00e9liorant les canaux de communication et en promouvant la transparence, nous visons \u00e0 cr\u00e9er un mod\u00e8le de gouvernance plus inclusif et plus d\u00e9mocratique. Nos plateformes permettent aux gouvernements d'\u00e9couter les diverses voix des citoyens, en veillant \u00e0 ce que leurs commentaires et leurs id\u00e9es soient non seulement entendus, mais aussi int\u00e9gr\u00e9s dans le processus de prise de d\u00e9cision.<\/p><\/div><\/div>\t\t<\/div>\n\t\t\t\t<\/div>\n\t\t\t\t<div class=\"elementor-element elementor-element-e478e66 elementor-widget__width-initial elementor-widget-mobile__width-inherit   elementor-widget-tablet__width-inherit elementor-widget elementor-widget-image-box\" data-id=\"e478e66\" data-element_type=\"widget\" data-widget_type=\"image-box.default\">\n\t\t\t\t<div class=\"elementor-widget-container\">\n\t\t\t<div class=\"elementor-image-box-wrapper\"><div class=\"elementor-image-box-content\"><h3 class=\"elementor-image-box-title\">Conformit\u00e9 r\u00e9glementaire pour les institutions financi\u00e8res<\/h3><p class=\"elementor-image-box-description\">Dans l'environnement commercial complexe d'aujourd'hui, la conformit\u00e9 r\u00e9glementaire est de la plus haute importance. Nous comprenons l'importance du respect des r\u00e9glementations locales et internationales pour assurer le bon fonctionnement de votre organisation.\n<br>\n<br>\nNotre \u00e9quipe d'experts conna\u00eet bien le paysage r\u00e9glementaire en constante \u00e9volution et peut vous aider \u00e0 naviguer \u00e0 travers les complexit\u00e9s. Nous fournissons des solutions compl\u00e8tes qui englobent les \u00e9valuations de conformit\u00e9, l'\u00e9laboration de politiques et le contr\u00f4le continu.\n<br>\n<br>\nEn vous associant \u00e0 nous, vous avez l'assurance que\nvotre organisation est en conformit\u00e9 avec toutes les normes financi\u00e8res et gouvernementales pertinentes.\ndes r\u00e8glements. Nous adoptons une approche proactive pour\nd'identifier et de combler les \u00e9ventuelles lacunes en mati\u00e8re de conformit\u00e9,\natt\u00e9nuer les risques et assurer la p\u00e9rennit\u00e9 de votre entreprise\nsont conformes aux normes requises.<\/p><\/div><\/div>\t\t<\/div>\n\t\t\t\t<\/div>\n\t\t\t\t\t<\/div>\n\t\t\t\t<\/div>\n\t\t<div class=\"elementor-element elementor-element-3d36d87 e-flex e-con-boxed e-con e-parent\" data-id=\"3d36d87\" data-element_type=\"container\" data-settings=\"{&quot;background_background&quot;:&quot;classic&quot;}\">\n\t\t\t\t\t<div class=\"e-con-inner\">\n\t\t<div class=\"elementor-element elementor-element-89ca721 e-con-full e-flex e-con e-child\" data-id=\"89ca721\" data-element_type=\"container\">\n\t\t\t\t<div class=\"elementor-element elementor-element-7f64359 elementor-invisible elementor-widget elementor-widget-heading\" data-id=\"7f64359\" data-element_type=\"widget\" data-settings=\"{&quot;_animation&quot;:&quot;fadeIn&quot;}\" data-widget_type=\"heading.default\">\n\t\t\t\t<div class=\"elementor-widget-container\">\n\t\t\t<h2 class=\"elementor-heading-title elementor-size-default\">La quatri\u00e8me r\u00e9volution industrielle<\/h2>\t\t<\/div>\n\t\t\t\t<\/div>\n\t\t\t\t<\/div>\n\t\t\t\t\t<\/div>\n\t\t\t\t<\/div>\n\t\t<div class=\"elementor-element elementor-element-f5b40bf e-flex e-con-boxed e-con e-parent\" data-id=\"f5b40bf\" data-element_type=\"container\" data-settings=\"{&quot;background_background&quot;:&quot;classic&quot;}\">\n\t\t\t\t\t<div class=\"e-con-inner\">\n\t\t\t\t<div class=\"elementor-element elementor-element-f365383 elementor-widget elementor-widget-image\" data-id=\"f365383\" data-element_type=\"widget\" data-widget_type=\"image.default\">\n\t\t\t\t<div class=\"elementor-widget-container\">\n\t\t\t\t\t\t\t\t\t\t\t\t\t<img fetchpriority=\"high\" decoding=\"async\" width=\"640\" height=\"638\" src=\"https:\/\/bbcentreprise.com\/wp-content\/uploads\/2024\/05\/Screenshot-2024-05-19-021034.png\" class=\"attachment-large size-large wp-image-4955\" alt=\"\" srcset=\"https:\/\/bbcentreprise.com\/wp-content\/uploads\/2024\/05\/Screenshot-2024-05-19-021034.png 772w, https:\/\/bbcentreprise.com\/wp-content\/uploads\/2024\/05\/Screenshot-2024-05-19-021034-300x300.png 300w, https:\/\/bbcentreprise.com\/wp-content\/uploads\/2024\/05\/Screenshot-2024-05-19-021034-150x150.png 150w, https:\/\/bbcentreprise.com\/wp-content\/uploads\/2024\/05\/Screenshot-2024-05-19-021034-768x765.png 768w, https:\/\/bbcentreprise.com\/wp-content\/uploads\/2024\/05\/Screenshot-2024-05-19-021034-600x598.png 600w\" sizes=\"(max-width: 640px) 100vw, 640px\" \/>\t\t\t\t\t\t\t\t\t\t\t\t\t<\/div>\n\t\t\t\t<\/div>\n\t\t\t\t\t<\/div>\n\t\t\t\t<\/div>\n\t\t\t\t<section class=\"elementor-section elementor-top-section elementor-element elementor-element-50f7530 elementor-section-content-middle elementor-section-stretched elementor-section-height-min-height elementor-section-items-stretch elementor-section-boxed elementor-section-height-default\" data-id=\"50f7530\" data-element_type=\"section\" data-settings=\"{&quot;background_background&quot;:&quot;classic&quot;,&quot;stretch_section&quot;:&quot;section-stretched&quot;}\">\n\t\t\t\t\t\t\t<div class=\"elementor-background-overlay\"><\/div>\n\t\t\t\t\t\t\t<div class=\"elementor-container elementor-column-gap-default\">\n\t\t\t\t\t<div class=\"elementor-column elementor-col-100 elementor-top-column elementor-element elementor-element-f5dfcb8 glass-effects\" data-id=\"f5dfcb8\" data-element_type=\"column\">\n\t\t\t<div class=\"elementor-widget-wrap elementor-element-populated\">\n\t\t\t\t\t\t<div class=\"elementor-element elementor-element-b839b03 elementor-invisible elementor-widget elementor-widget-heading\" data-id=\"b839b03\" data-element_type=\"widget\" data-settings=\"{&quot;_animation&quot;:&quot;fadeIn&quot;}\" data-widget_type=\"heading.default\">\n\t\t\t\t<div class=\"elementor-widget-container\">\n\t\t\t<h5 class=\"elementor-heading-title elementor-size-medium\">De grandes choses vous attendent !<\/h5>\t\t<\/div>\n\t\t\t\t<\/div>\n\t\t\t\t<div class=\"elementor-element elementor-element-3d7642e elementor-widget-divider--view-line elementor-invisible elementor-widget elementor-widget-divider\" data-id=\"3d7642e\" data-element_type=\"widget\" data-settings=\"{&quot;_animation&quot;:&quot;fadeInUp&quot;}\" data-widget_type=\"divider.default\">\n\t\t\t\t<div class=\"elementor-widget-container\">\n\t\t\t\t\t<div class=\"elementor-divider\">\n\t\t\t<span class=\"elementor-divider-separator\">\n\t\t\t\t\t\t<\/span>\n\t\t<\/div>\n\t\t\t\t<\/div>\n\t\t\t\t<\/div>\n\t\t\t\t<div class=\"elementor-element elementor-element-2818c15 elementor-invisible elementor-widget elementor-widget-heading\" data-id=\"2818c15\" data-element_type=\"widget\" data-settings=\"{&quot;_animation&quot;:&quot;fadeIn&quot;}\" data-widget_type=\"heading.default\">\n\t\t\t\t<div class=\"elementor-widget-container\">\n\t\t\t<h1 class=\"elementor-heading-title elementor-size-default\">Cultivez votre  <br>Faites affaire avec nous !<\/h1>\t\t<\/div>\n\t\t\t\t<\/div>\n\t\t\t\t<div class=\"elementor-element elementor-element-0b4c3e3 elementor-invisible elementor-widget elementor-widget-text-editor\" data-id=\"0b4c3e3\" data-element_type=\"widget\" data-settings=\"{&quot;_animation&quot;:&quot;fadeIn&quot;}\" data-widget_type=\"text-editor.default\">\n\t\t\t\t<div class=\"elementor-widget-container\">\n\t\t\t\t\t\t\t<p>Nous vous aiderons \u00e0 am\u00e9liorer tous les aspects de votre entreprise gr\u00e2ce \u00e0 nos services de conseil de classe mondiale !<\/p>\n\t\t\t\t\t\t<\/div>\n\t\t\t\t<\/div>\n\t\t\t\t<div class=\"elementor-element elementor-element-679b9c8 elementor-align-left elementor-mobile-align-center elementor-invisible elementor-widget elementor-widget-button\" data-id=\"679b9c8\" data-element_type=\"widget\" data-settings=\"{&quot;_animation&quot;:&quot;fadeInUp&quot;,&quot;_animation_delay&quot;:800}\" data-widget_type=\"button.default\">\n\t\t\t\t<div class=\"elementor-widget-container\">\n\t\t\t\t\t<div class=\"elementor-button-wrapper\">\n\t\t\t<a class=\"elementor-button elementor-button-link elementor-size-md elementor-animation-sink\" href=\"https:\/\/bbcentreprise.com\/fr\/contact\/\">\n\t\t\t\t\t\t<span class=\"elementor-button-content-wrapper\">\n\t\t\t\t\t\t<span class=\"elementor-button-icon elementor-align-icon-right\">\n\t\t\t\t<svg aria-hidden=\"true\" class=\"e-font-icon-svg e-fas-long-arrow-alt-down\" viewBox=\"0 0 256 512\" xmlns=\"http:\/\/www.w3.org\/2000\/svg\"><path d=\"M168 345.941V44c0-6.627-5.373-12-12-12h-56c-6.627 0-12 5.373-12 12v301.941H41.941c-21.382 0-32.09 25.851-16.971 40.971l86.059 86.059c9.373 9.373 24.569 9.373 33.941 0l86.059-86.059c15.119-15.119 4.411-40.971-16.971-40.971H168z\"><\/path><\/svg>\t\t\t<\/span>\n\t\t\t\t\t\t\t\t\t<span class=\"elementor-button-text\">Contactez-nous d\u00e8s maintenant !<\/span>\n\t\t\t\t\t<\/span>\n\t\t\t\t\t<\/a>\n\t\t<\/div>\n\t\t\t\t<\/div>\n\t\t\t\t<\/div>\n\t\t\t\t\t<\/div>\n\t\t<\/div>\n\t\t\t\t\t<\/div>\n\t\t<\/section>\n\t\t\t\t<\/div>\n\t\t","protected":false},"excerpt":{"rendered":"<p>Transformez votre strat\u00e9gie Transformation num\u00e9riquepour le gouvernement ! R\u00e9volutionner le secteur public gr\u00e2ce \u00e0 une technologie innovante. Contactez-nous d\u00e8s maintenant ! Offres de services Services d&rsquo;administration en ligne Chez BBC Entreprise, nous nous consacrons \u00e0 la num\u00e9risation des services publics afin de renforcer l&rsquo;efficacit\u00e9 et d&rsquo;am\u00e9liorer l&rsquo;exp\u00e9rience globale des citoyens. Gr\u00e2ce \u00e0 la puissance de [&hellip;]<\/p>\n","protected":false},"author":4,"featured_media":0,"parent":0,"menu_order":0,"comment_status":"closed","ping_status":"closed","template":"elementor_header_footer","meta":{"inline_featured_image":false,"two_page_speed":[],"footnotes":""},"class_list":["post-4852","page","type-page","status-publish","hentry"],"_links":{"self":[{"href":"https:\/\/bbcentreprise.com\/fr\/wp-json\/wp\/v2\/pages\/4852","targetHints":{"allow":["GET"]}}],"collection":[{"href":"https:\/\/bbcentreprise.com\/fr\/wp-json\/wp\/v2\/pages"}],"about":[{"href":"https:\/\/bbcentreprise.com\/fr\/wp-json\/wp\/v2\/types\/page"}],"author":[{"embeddable":true,"href":"https:\/\/bbcentreprise.com\/fr\/wp-json\/wp\/v2\/users\/4"}],"replies":[{"embeddable":true,"href":"https:\/\/bbcentreprise.com\/fr\/wp-json\/wp\/v2\/comments?post=4852"}],"version-history":[{"count":0,"href":"https:\/\/bbcentreprise.com\/fr\/wp-json\/wp\/v2\/pages\/4852\/revisions"}],"wp:attachment":[{"href":"https:\/\/bbcentreprise.com\/fr\/wp-json\/wp\/v2\/media?parent=4852"}],"curies":[{"name":"wp","href":"https:\/\/api.w.org\/{rel}","templated":true}]}}