{"id":5250,"date":"2024-05-20T04:31:22","date_gmt":"2024-05-20T04:31:22","guid":{"rendered":"https:\/\/bbcentreprise.com\/cybersecurite-et-gestion-des-risques\/"},"modified":"2024-05-24T04:06:13","modified_gmt":"2024-05-24T04:06:13","slug":"cybersecurite-et-gestion-des-risques","status":"publish","type":"page","link":"https:\/\/bbcentreprise.com\/fr\/cybersecurite-et-gestion-des-risques\/","title":{"rendered":"Cybers\u00e9curit\u00e9 et gestion des risques"},"content":{"rendered":"\t\t<div data-elementor-type=\"wp-page\" data-elementor-id=\"5250\" class=\"elementor elementor-5250\">\n\t\t\t\t\t\t<section class=\"elementor-section elementor-top-section elementor-element elementor-element-24dbdcc elementor-section-content-middle elementor-section-boxed elementor-section-height-default elementor-section-height-default\" data-id=\"24dbdcc\" data-element_type=\"section\" data-settings=\"{&quot;background_background&quot;:&quot;classic&quot;}\">\n\t\t\t\t\t\t\t<div class=\"elementor-background-overlay\"><\/div>\n\t\t\t\t\t\t\t<div class=\"elementor-container elementor-column-gap-no\">\n\t\t\t\t\t<div class=\"elementor-column elementor-col-100 elementor-top-column elementor-element elementor-element-5398990\" data-id=\"5398990\" data-element_type=\"column\">\n\t\t\t<div class=\"elementor-widget-wrap elementor-element-populated\">\n\t\t\t\t\t\t<div class=\"elementor-element elementor-element-9fffadd elementor-hidden-desktop elementor-hidden-tablet elementor-hidden-mobile elementor-invisible elementor-widget elementor-widget-heading\" data-id=\"9fffadd\" data-element_type=\"widget\" data-settings=\"{&quot;_animation&quot;:&quot;fadeIn&quot;}\" data-widget_type=\"heading.default\">\n\t\t\t\t<div class=\"elementor-widget-container\">\n\t\t\t<h5 class=\"elementor-heading-title elementor-size-medium\">avoir un impact plus important.<\/h5>\t\t<\/div>\n\t\t\t\t<\/div>\n\t\t\t\t<div class=\"elementor-element elementor-element-25b4ebd elementor-widget-divider--view-line elementor-invisible elementor-widget elementor-widget-divider\" data-id=\"25b4ebd\" data-element_type=\"widget\" data-settings=\"{&quot;_animation&quot;:&quot;fadeInUp&quot;}\" data-widget_type=\"divider.default\">\n\t\t\t\t<div class=\"elementor-widget-container\">\n\t\t\t\t\t<div class=\"elementor-divider\">\n\t\t\t<span class=\"elementor-divider-separator\">\n\t\t\t\t\t\t<\/span>\n\t\t<\/div>\n\t\t\t\t<\/div>\n\t\t\t\t<\/div>\n\t\t\t\t<div class=\"elementor-element elementor-element-0e6da76 elementor-invisible elementor-widget elementor-widget-heading\" data-id=\"0e6da76\" data-element_type=\"widget\" data-settings=\"{&quot;_animation&quot;:&quot;fadeIn&quot;}\" data-widget_type=\"heading.default\">\n\t\t\t\t<div class=\"elementor-widget-container\">\n\t\t\t<h1 class=\"elementor-heading-title elementor-size-default\">La cybers\u00e9curit\u00e9  <br>&amp; Gestion des risques<\/h1>\t\t<\/div>\n\t\t\t\t<\/div>\n\t\t\t\t<div class=\"elementor-element elementor-element-c672bdd elementor-invisible elementor-widget elementor-widget-text-editor\" data-id=\"c672bdd\" data-element_type=\"widget\" data-settings=\"{&quot;_animation&quot;:&quot;fadeIn&quot;}\" data-widget_type=\"text-editor.default\">\n\t\t\t\t<div class=\"elementor-widget-container\">\n\t\t\t\t\t\t\tStrat\u00e9gies avanc\u00e9es\npour une cybers\u00e9curit\u00e9 globale\net une gestion efficace des risques\t\t\t\t\t\t<\/div>\n\t\t\t\t<\/div>\n\t\t\t\t<div class=\"elementor-element elementor-element-90e112b elementor-widget elementor-widget-spacer\" data-id=\"90e112b\" data-element_type=\"widget\" data-widget_type=\"spacer.default\">\n\t\t\t\t<div class=\"elementor-widget-container\">\n\t\t\t\t\t<div class=\"elementor-spacer\">\n\t\t\t<div class=\"elementor-spacer-inner\"><\/div>\n\t\t<\/div>\n\t\t\t\t<\/div>\n\t\t\t\t<\/div>\n\t\t\t\t<div class=\"elementor-element elementor-element-cda9ef3 elementor-align-left elementor-mobile-align-center elementor-invisible elementor-widget elementor-widget-button\" data-id=\"cda9ef3\" data-element_type=\"widget\" data-settings=\"{&quot;_animation&quot;:&quot;fadeInUp&quot;,&quot;_animation_delay&quot;:800}\" data-widget_type=\"button.default\">\n\t\t\t\t<div class=\"elementor-widget-container\">\n\t\t\t\t\t<div class=\"elementor-button-wrapper\">\n\t\t\t<a class=\"elementor-button elementor-button-link elementor-size-md elementor-animation-sink\" href=\"https:\/\/bbcentreprise.com\/fr\/contact\/\">\n\t\t\t\t\t\t<span class=\"elementor-button-content-wrapper\">\n\t\t\t\t\t\t<span class=\"elementor-button-icon elementor-align-icon-right\">\n\t\t\t\t<svg aria-hidden=\"true\" class=\"e-font-icon-svg e-fas-long-arrow-alt-down\" viewBox=\"0 0 256 512\" xmlns=\"http:\/\/www.w3.org\/2000\/svg\"><path d=\"M168 345.941V44c0-6.627-5.373-12-12-12h-56c-6.627 0-12 5.373-12 12v301.941H41.941c-21.382 0-32.09 25.851-16.971 40.971l86.059 86.059c9.373 9.373 24.569 9.373 33.941 0l86.059-86.059c15.119-15.119 4.411-40.971-16.971-40.971H168z\"><\/path><\/svg>\t\t\t<\/span>\n\t\t\t\t\t\t\t\t\t<span class=\"elementor-button-text\">Contactez-nous d\u00e8s maintenant !<\/span>\n\t\t\t\t\t<\/span>\n\t\t\t\t\t<\/a>\n\t\t<\/div>\n\t\t\t\t<\/div>\n\t\t\t\t<\/div>\n\t\t\t\t\t<\/div>\n\t\t<\/div>\n\t\t\t\t\t<\/div>\n\t\t<\/section>\n\t\t<div class=\"elementor-element elementor-element-43c62a9 e-flex e-con-boxed e-con e-parent\" data-id=\"43c62a9\" data-element_type=\"container\" data-settings=\"{&quot;background_background&quot;:&quot;classic&quot;}\">\n\t\t\t\t\t<div class=\"e-con-inner\">\n\t\t<div class=\"elementor-element elementor-element-faa8711 e-con-full e-flex e-con e-child\" data-id=\"faa8711\" data-element_type=\"container\">\n\t\t\t\t<div class=\"elementor-element elementor-element-580e09c elementor-invisible elementor-widget elementor-widget-heading\" data-id=\"580e09c\" data-element_type=\"widget\" data-settings=\"{&quot;_animation&quot;:&quot;fadeIn&quot;}\" data-widget_type=\"heading.default\">\n\t\t\t\t<div class=\"elementor-widget-container\">\n\t\t\t<h2 class=\"elementor-heading-title elementor-size-default\">Nos services  <\/h2>\t\t<\/div>\n\t\t\t\t<\/div>\n\t\t\t\t<\/div>\n\t\t\t\t\t<\/div>\n\t\t\t\t<\/div>\n\t\t<div class=\"elementor-element elementor-element-b0e6a9a   e-flex e-con-boxed e-con e-parent\" data-id=\"b0e6a9a\" data-element_type=\"container\" data-settings=\"{&quot;background_background&quot;:&quot;classic&quot;}\">\n\t\t\t\t\t<div class=\"e-con-inner\">\n\t\t\t\t<div class=\"elementor-element elementor-element-5b83e6f elementor-widget__width-initial elementor-widget-mobile__width-inherit   elementor-widget-tablet__width-inherit elementor-widget elementor-widget-image-box\" data-id=\"5b83e6f\" data-element_type=\"widget\" data-widget_type=\"image-box.default\">\n\t\t\t\t<div class=\"elementor-widget-container\">\n\t\t\t<div class=\"elementor-image-box-wrapper\"><div class=\"elementor-image-box-content\"><h3 class=\"elementor-image-box-title\">Audits et \u00e9valuations de s\u00e9curit\u00e9<\/h3><p class=\"elementor-image-box-description\">Chez BBC Entreprise, nous proposons des audits et des \u00e9valuations de s\u00e9curit\u00e9 complets afin d'aider les entreprises \u00e0 identifier les vuln\u00e9rabilit\u00e9s et \u00e0 am\u00e9liorer leur position en mati\u00e8re de s\u00e9curit\u00e9.<br><br>\nNotre \u00e9quipe d'experts proc\u00e9dera \u00e0 une \u00e9valuation approfondie de vos syst\u00e8mes, processus et politiques afin d'identifier les zones de faiblesse ou de non-conformit\u00e9.<br><br>\nNous vous fournirons un rapport d\u00e9taill\u00e9 de nos conclusions, ainsi que des recommandations sur les mesures correctives \u00e0 prendre et les am\u00e9liorations \u00e0 apporter en permanence \u00e0 la s\u00e9curit\u00e9.<\/p><\/div><\/div>\t\t<\/div>\n\t\t\t\t<\/div>\n\t\t\t\t<div class=\"elementor-element elementor-element-f0312c3 elementor-widget__width-initial elementor-widget-mobile__width-inherit   elementor-widget-tablet__width-inherit elementor-widget elementor-widget-image-box\" data-id=\"f0312c3\" data-element_type=\"widget\" data-widget_type=\"image-box.default\">\n\t\t\t\t<div class=\"elementor-widget-container\">\n\t\t\t<div class=\"elementor-image-box-wrapper\"><div class=\"elementor-image-box-content\"><h3 class=\"elementor-image-box-title\">Cadres de gestion des risques<\/h3><p class=\"elementor-image-box-description\">Chez BBC Entreprise, nous sommes sp\u00e9cialis\u00e9s dans le d\u00e9veloppement de cadres complets de gestion des risques afin d'aider les entreprises \u00e0 identifier, \u00e9valuer et att\u00e9nuer les risques num\u00e9riques.<br><br>\nNotre \u00e9quipe d'experts travaillera en \u00e9troite collaboration avec votre organisation afin de comprendre votre paysage de risques unique et de concevoir des strat\u00e9gies sur mesure pour r\u00e9pondre aux menaces potentielles et les minimiser.\n<br><br>De l'identification et de l'\u00e9valuation des risques \u00e0 la mise en \u0153uvre de mesures d'att\u00e9nuation des risques, nous fournissons des solutions de gestion des risques de bout en bout pour garantir la s\u00e9curit\u00e9 et la r\u00e9silience de vos actifs num\u00e9riques.<\/p><\/div><\/div>\t\t<\/div>\n\t\t\t\t<\/div>\n\t\t\t\t\t<\/div>\n\t\t\t\t<\/div>\n\t\t<div class=\"elementor-element elementor-element-07e195d   e-flex e-con-boxed e-con e-parent\" data-id=\"07e195d\" data-element_type=\"container\" data-settings=\"{&quot;background_background&quot;:&quot;classic&quot;}\">\n\t\t\t\t\t<div class=\"e-con-inner\">\n\t\t\t\t<div class=\"elementor-element elementor-element-9d421a2 elementor-widget__width-initial elementor-widget-mobile__width-inherit   elementor-widget-tablet__width-inherit elementor-widget elementor-widget-image-box\" data-id=\"9d421a2\" data-element_type=\"widget\" data-widget_type=\"image-box.default\">\n\t\t\t\t<div class=\"elementor-widget-container\">\n\t\t\t<div class=\"elementor-image-box-wrapper\"><div class=\"elementor-image-box-content\"><h3 class=\"elementor-image-box-title\">Strat\u00e9gies de protection des donn\u00e9es<\/h3><p class=\"elementor-image-box-description\">Chez BBC Entreprise, nous comprenons l'importance de la protection des donn\u00e9es et du respect des r\u00e9glementations en la mati\u00e8re. Notre \u00e9quipe d'experts peut vous aider \u00e0 \u00e9laborer des strat\u00e9gies de protection des donn\u00e9es solides pour prot\u00e9ger vos informations sensibles.<br><br>\nNous travaillerons en \u00e9troite collaboration avec votre organisation pour \u00e9valuer vos pratiques en mati\u00e8re de traitement des donn\u00e9es, identifier les risques potentiels et mettre en \u0153uvre des mesures de s\u00e9curit\u00e9 appropri\u00e9es. Notre objectif est de veiller \u00e0 ce que vos donn\u00e9es soient prot\u00e9g\u00e9es contre les acc\u00e8s non autoris\u00e9s, les violations et autres menaces \u00e0 la s\u00e9curit\u00e9.<br><br>\nDe la mise en \u0153uvre du cryptage et des contr\u00f4les d'acc\u00e8s \u00e0 la formation du personnel aux meilleures pratiques en mati\u00e8re de protection des donn\u00e9es, nous proposons des solutions compl\u00e8tes pour vous aider \u00e0 atteindre et \u00e0 maintenir la conformit\u00e9 avec les r\u00e9glementations en mati\u00e8re de protection des donn\u00e9es.<\/p><\/div><\/div>\t\t<\/div>\n\t\t\t\t<\/div>\n\t\t\t\t<div class=\"elementor-element elementor-element-cb87faa elementor-widget__width-initial elementor-widget-mobile__width-inherit   elementor-widget-tablet__width-inherit elementor-widget elementor-widget-image-box\" data-id=\"cb87faa\" data-element_type=\"widget\" data-widget_type=\"image-box.default\">\n\t\t\t\t<div class=\"elementor-widget-container\">\n\t\t\t<div class=\"elementor-image-box-wrapper\"><div class=\"elementor-image-box-content\"><h3 class=\"elementor-image-box-title\">Planification de la r\u00e9ponse aux incidents<\/h3><p class=\"elementor-image-box-description\">Chez BBC Entreprise, nous comprenons l'importance d'\u00eatre pr\u00e9par\u00e9 aux incidents de cybers\u00e9curit\u00e9 et de les g\u00e9rer efficacement. Nos services de planification de la r\u00e9ponse aux incidents sont con\u00e7us pour aider les organisations \u00e0 d\u00e9velopper des strat\u00e9gies proactives afin d'att\u00e9nuer l'impact d'\u00e9ventuelles violations de la s\u00e9curit\u00e9.<br><br>\nNous travaillons en \u00e9troite collaboration avec votre organisation pour \u00e9valuer vos capacit\u00e9s actuelles de r\u00e9ponse aux incidents, identifier les vuln\u00e9rabilit\u00e9s et d\u00e9velopper des plans de r\u00e9ponse aux incidents sur mesure. Notre \u00e9quipe d'experts vous guidera tout au long du processus de cr\u00e9ation d'un cadre efficace de r\u00e9ponse aux incidents, y compris la d\u00e9finition des r\u00f4les et des responsabilit\u00e9s, l'\u00e9tablissement de protocoles de communication et la mise en place de formations et de tests r\u00e9guliers.<br><br>\nGr\u00e2ce \u00e0 nos services de planification de la r\u00e9ponse aux incidents, vous pouvez vous assurer que votre organisation est bien \u00e9quip\u00e9e pour d\u00e9tecter les incidents de cybers\u00e9curit\u00e9, y r\u00e9pondre et s'en remettre, afin de minimiser les dommages potentiels caus\u00e9s \u00e0 vos activit\u00e9s et \u00e0 votre entreprise.\nr\u00e9putation.<\/p><\/div><\/div>\t\t<\/div>\n\t\t\t\t<\/div>\n\t\t\t\t\t<\/div>\n\t\t\t\t<\/div>\n\t\t\t\t<\/div>\n\t\t","protected":false},"excerpt":{"rendered":"<p>avoir un impact plus important. La cybers\u00e9curit\u00e9 &amp; Gestion des risques Strat\u00e9gies avanc\u00e9es pour une cybers\u00e9curit\u00e9 globale et une gestion efficace des risques Contactez-nous d\u00e8s maintenant ! Nos services Audits et \u00e9valuations de s\u00e9curit\u00e9 Chez BBC Entreprise, nous proposons des audits et des \u00e9valuations de s\u00e9curit\u00e9 complets afin d&rsquo;aider les entreprises \u00e0 identifier les vuln\u00e9rabilit\u00e9s [&hellip;]<\/p>\n","protected":false},"author":4,"featured_media":0,"parent":0,"menu_order":0,"comment_status":"closed","ping_status":"closed","template":"elementor_header_footer","meta":{"inline_featured_image":false,"two_page_speed":[],"footnotes":""},"class_list":["post-5250","page","type-page","status-publish","hentry"],"_links":{"self":[{"href":"https:\/\/bbcentreprise.com\/fr\/wp-json\/wp\/v2\/pages\/5250","targetHints":{"allow":["GET"]}}],"collection":[{"href":"https:\/\/bbcentreprise.com\/fr\/wp-json\/wp\/v2\/pages"}],"about":[{"href":"https:\/\/bbcentreprise.com\/fr\/wp-json\/wp\/v2\/types\/page"}],"author":[{"embeddable":true,"href":"https:\/\/bbcentreprise.com\/fr\/wp-json\/wp\/v2\/users\/4"}],"replies":[{"embeddable":true,"href":"https:\/\/bbcentreprise.com\/fr\/wp-json\/wp\/v2\/comments?post=5250"}],"version-history":[{"count":0,"href":"https:\/\/bbcentreprise.com\/fr\/wp-json\/wp\/v2\/pages\/5250\/revisions"}],"wp:attachment":[{"href":"https:\/\/bbcentreprise.com\/fr\/wp-json\/wp\/v2\/media?parent=5250"}],"curies":[{"name":"wp","href":"https:\/\/api.w.org\/{rel}","templated":true}]}}